{"id":4509,"date":"2024-11-26T12:08:29","date_gmt":"2024-11-26T17:08:29","guid":{"rendered":"https:\/\/canadianstroke.ca\/apps\/"},"modified":"2024-12-04T13:35:39","modified_gmt":"2024-12-04T18:35:39","slug":"app","status":"publish","type":"page","link":"https:\/\/canadianstroke.ca\/fr\/app\/","title":{"rendered":"Applications"},"content":{"rendered":"\n<p>L&rsquo;application <strong>ViaTherapy<\/strong> a \u00e9t\u00e9 lanc\u00e9e en 2017 (visiter&nbsp;<a href=\"https:\/\/www.google.com\/url?q=http:\/\/www.viatherapy.org\/&amp;sa=D&amp;source=editors&amp;ust=1626066051425000&amp;usg=AOvVaw2mVx3T2EJfxCW2tI1JYLmY\">viatherapy.org<\/a> pour en apprendre davantage), en plus d&rsquo;avoir \u00e9t\u00e9 nomm\u00e9e comme l&rsquo;une des cinq meilleures applications de r\u00e9adaptation par l&rsquo;Association de Physioth\u00e9rapeutes certifi\u00e9s en neurologie (ACPIN). Cette application gratuite rassemble les lignes directrices et les donn\u00e9es probantes sur les meilleures pratiques en intervention aux membres sup\u00e9rieurs pour intervenir avec les individus ayant subi un AVC.<\/p>\n\n\n\n<p>L&rsquo;application <strong>iWalk Assess<\/strong> fournit les derni\u00e8res approches bas\u00e9es sur les donn\u00e9es probantes pour effectuer l&rsquo;\u00e9valuation de la marche apr\u00e8s un AVC : <a href=\"https:\/\/www.google.com\/url?q=http:\/\/www.iwalkassess.com\/&amp;sa=D&amp;source=editors&amp;ust=1626066051426000&amp;usg=AOvVaw0OO2o7cSbjLgqJAUARetuj\">http:\/\/www.iwalkassess.com<\/a><\/p>\n\n\n\n<p>La <strong><strong>Bo\u00eete \u00e0 outils pour l&rsquo;\u00e9quilibre r\u00e9actif financ\u00e9e par le CPSR<\/strong>:<\/strong> Plusieurs personnes, dont les adultes \u00e2g\u00e9s et les individus ayant subi un AVC, ont un risque de chute accru. Afin de ne pas chuter, il est n\u00e9cessaire d&rsquo;effectuer des mouvements rapides et sophistiqu\u00e9s, comme d&rsquo;effectuer de petits pas ou des mouvements de saisi. Le programme de de formation aux r\u00e9actions d&rsquo;\u00e9quilibre rapides (RBT) permet de r\u00e9apprendre la r\u00e9alisation de ces r\u00e9action rapides. Il a \u00e9t\u00e9 d\u00e9montr\u00e9 que la formation RBT am\u00e9liorait le contr\u00f4le des r\u00e9actions rapides d&rsquo;\u00e9quilibre, en plus de diminuer le risque de chute de pr\u00e8s de la moiti\u00e9 lorsque compar\u00e9 \u00e0 un groupe de participants ne recevant aucun programme d&rsquo;exercices ou recevant le traitement d&rsquo;\u00e9quilibre standard. L&rsquo;objectif de cette bo\u00eete \u00e0 outil est d&rsquo;aider les professionnels de la sant\u00e9 (p.ex., les physioth\u00e9rapeutes ou les kin\u00e9siologues) \u00e0 int\u00e9grer le RBT \u00e0 leur pratique. <a href=\"https:\/\/kite-uhn.com\/tools\/rebal\">https:\/\/kite-uhn.com\/tools\/rebal<\/a><\/p>\n\n\n\n<p>La <strong>Mise \u00e0 jour de 2020 des recommandations canadiennes sur les exercices communautaires pour les personnes ayant subi un AVC<\/strong>: Le Comit\u00e9 canadien de recommandations sur les exercices communautaires pour les personnes ayant subi un AVC a \u00e9t\u00e9 d\u00e9velopp\u00e9 afin de soutenir l&rsquo;\u00e9laboration de recommandations claires pour le d\u00e9veloppement de programmes et d&rsquo;exercices bas\u00e9s sur les meilleures \u00e9vidences scientifiques (recherche, lignes directrices sur les meilleures pratiques, et avis d&rsquo;expert), dans le but de soutenir l&rsquo;implantation de programmes d&rsquo;exercices s\u00e9curitaires pour les personnes ayant subi un AVC dans des contextes communautaires vari\u00e9s. Les recommandations sont disponibles au lien suivant: <a href=\"http:\/\/canstrokecommunityexercise.ca\/\">http:\/\/canstrokecommunityexercise.ca\/<\/a><\/p>\n","protected":false},"excerpt":{"rendered":"<p>L&rsquo;application ViaTherapy a \u00e9t\u00e9 lanc\u00e9e en 2017 (visiter&nbsp;viatherapy.org pour en apprendre davantage), en plus d&rsquo;avoir \u00e9t\u00e9 nomm\u00e9e comme l&rsquo;une des cinq meilleures applications de r\u00e9adaptation par l&rsquo;Association de Physioth\u00e9rapeutes certifi\u00e9s en neurologie (ACPIN). Cette application gratuite rassemble les lignes directrices et les donn\u00e9es probantes sur les meilleures pratiques en intervention aux membres sup\u00e9rieurs pour intervenir &#8230; <a title=\"Applications\" class=\"read-more\" href=\"https:\/\/canadianstroke.ca\/fr\/app\/\" aria-label=\"En savoir plus sur Applications\">Lire plus<\/a><\/p>\n","protected":false},"author":1,"featured_media":0,"parent":0,"menu_order":0,"comment_status":"closed","ping_status":"closed","template":"","meta":{"_acf_changed":false,"_monsterinsights_skip_tracking":false,"_monsterinsights_sitenote_active":false,"_monsterinsights_sitenote_note":"","_monsterinsights_sitenote_category":0,"footnotes":""},"class_list":["post-4509","page","type-page","status-publish"],"acf":[],"yoast_head":"<!-- This site is optimized with the Yoast SEO plugin v27.3 - https:\/\/yoast.com\/product\/yoast-seo-wordpress\/ -->\n<title>Applications - CanStroke Recovery Trials<\/title>\n<meta name=\"robots\" content=\"index, follow, max-snippet:-1, max-image-preview:large, max-video-preview:-1\" \/>\n<link rel=\"canonical\" href=\"https:\/\/canadianstroke.ca\/fr\/app\/\" \/>\n<meta property=\"og:locale\" content=\"fr_FR\" \/>\n<meta property=\"og:type\" content=\"article\" \/>\n<meta property=\"og:title\" content=\"Applications - CanStroke Recovery Trials\" \/>\n<meta property=\"og:description\" content=\"L&rsquo;application ViaTherapy a \u00e9t\u00e9 lanc\u00e9e en 2017 (visiter&nbsp;viatherapy.org pour en apprendre davantage), en plus d&rsquo;avoir \u00e9t\u00e9 nomm\u00e9e comme l&rsquo;une des cinq meilleures applications de r\u00e9adaptation par l&rsquo;Association de Physioth\u00e9rapeutes certifi\u00e9s en neurologie (ACPIN). Cette application gratuite rassemble les lignes directrices et les donn\u00e9es probantes sur les meilleures pratiques en intervention aux membres sup\u00e9rieurs pour intervenir ... Lire plus\" \/>\n<meta property=\"og:url\" content=\"https:\/\/canadianstroke.ca\/fr\/app\/\" \/>\n<meta property=\"og:site_name\" content=\"CanStroke Recovery Trials\" \/>\n<meta property=\"article:modified_time\" content=\"2024-12-04T18:35:39+00:00\" \/>\n<meta name=\"twitter:card\" content=\"summary_large_image\" \/>\n<meta name=\"twitter:site\" content=\"@CanStroke\" \/>\n<meta name=\"twitter:label1\" content=\"Dur\u00e9e de lecture estim\u00e9e\" \/>\n\t<meta name=\"twitter:data1\" content=\"2 minutes\" \/>\n<script type=\"application\/ld+json\" class=\"yoast-schema-graph\">{\"@context\":\"https:\\\/\\\/schema.org\",\"@graph\":[{\"@type\":\"WebPage\",\"@id\":\"https:\\\/\\\/canadianstroke.ca\\\/fr\\\/app\\\/\",\"url\":\"https:\\\/\\\/canadianstroke.ca\\\/fr\\\/app\\\/\",\"name\":\"Applications - CanStroke Recovery Trials\",\"isPartOf\":{\"@id\":\"https:\\\/\\\/canadianstroke.ca\\\/#website\"},\"datePublished\":\"2024-11-26T17:08:29+00:00\",\"dateModified\":\"2024-12-04T18:35:39+00:00\",\"breadcrumb\":{\"@id\":\"https:\\\/\\\/canadianstroke.ca\\\/fr\\\/app\\\/#breadcrumb\"},\"inLanguage\":\"fr-FR\",\"potentialAction\":[{\"@type\":\"ReadAction\",\"target\":[\"https:\\\/\\\/canadianstroke.ca\\\/fr\\\/app\\\/\"]}]},{\"@type\":\"BreadcrumbList\",\"@id\":\"https:\\\/\\\/canadianstroke.ca\\\/fr\\\/app\\\/#breadcrumb\",\"itemListElement\":[{\"@type\":\"ListItem\",\"position\":1,\"name\":\"Home\",\"item\":\"https:\\\/\\\/canadianstroke.ca\\\/fr\\\/\"},{\"@type\":\"ListItem\",\"position\":2,\"name\":\"Applications\"}]},{\"@type\":\"WebSite\",\"@id\":\"https:\\\/\\\/canadianstroke.ca\\\/#website\",\"url\":\"https:\\\/\\\/canadianstroke.ca\\\/\",\"name\":\"CanStroke Recovery Trials\",\"description\":\"Transforming Lives Through Clinical Trials\",\"publisher\":{\"@id\":\"https:\\\/\\\/canadianstroke.ca\\\/#organization\"},\"potentialAction\":[{\"@type\":\"SearchAction\",\"target\":{\"@type\":\"EntryPoint\",\"urlTemplate\":\"https:\\\/\\\/canadianstroke.ca\\\/?s={search_term_string}\"},\"query-input\":{\"@type\":\"PropertyValueSpecification\",\"valueRequired\":true,\"valueName\":\"search_term_string\"}}],\"inLanguage\":\"fr-FR\"},{\"@type\":\"Organization\",\"@id\":\"https:\\\/\\\/canadianstroke.ca\\\/#organization\",\"name\":\"CanStroke Recovery Trials\",\"url\":\"https:\\\/\\\/canadianstroke.ca\\\/\",\"logo\":{\"@type\":\"ImageObject\",\"inLanguage\":\"fr-FR\",\"@id\":\"https:\\\/\\\/canadianstroke.ca\\\/#\\\/schema\\\/logo\\\/image\\\/\",\"url\":\"https:\\\/\\\/canadianstroke.ca\\\/wp-content\\\/uploads\\\/2024\\\/11\\\/logo.png\",\"contentUrl\":\"https:\\\/\\\/canadianstroke.ca\\\/wp-content\\\/uploads\\\/2024\\\/11\\\/logo.png\",\"width\":365,\"height\":98,\"caption\":\"CanStroke Recovery Trials\"},\"image\":{\"@id\":\"https:\\\/\\\/canadianstroke.ca\\\/#\\\/schema\\\/logo\\\/image\\\/\"},\"sameAs\":[\"https:\\\/\\\/x.com\\\/CanStroke\",\"https:\\\/\\\/www.linkedin.com\\\/company\\\/canstroke-recovery-trials\\\/\",\"https:\\\/\\\/www.instagram.com\\\/canstroke\\\/\",\"https:\\\/\\\/www.youtube.com\\\/user\\\/canadianstroke\"]}]}<\/script>\n<!-- \/ Yoast SEO plugin. -->","yoast_head_json":{"title":"Applications - CanStroke Recovery Trials","robots":{"index":"index","follow":"follow","max-snippet":"max-snippet:-1","max-image-preview":"max-image-preview:large","max-video-preview":"max-video-preview:-1"},"canonical":"https:\/\/canadianstroke.ca\/fr\/app\/","og_locale":"fr_FR","og_type":"article","og_title":"Applications - CanStroke Recovery Trials","og_description":"L&rsquo;application ViaTherapy a \u00e9t\u00e9 lanc\u00e9e en 2017 (visiter&nbsp;viatherapy.org pour en apprendre davantage), en plus d&rsquo;avoir \u00e9t\u00e9 nomm\u00e9e comme l&rsquo;une des cinq meilleures applications de r\u00e9adaptation par l&rsquo;Association de Physioth\u00e9rapeutes certifi\u00e9s en neurologie (ACPIN). Cette application gratuite rassemble les lignes directrices et les donn\u00e9es probantes sur les meilleures pratiques en intervention aux membres sup\u00e9rieurs pour intervenir ... Lire plus","og_url":"https:\/\/canadianstroke.ca\/fr\/app\/","og_site_name":"CanStroke Recovery Trials","article_modified_time":"2024-12-04T18:35:39+00:00","twitter_card":"summary_large_image","twitter_site":"@CanStroke","twitter_misc":{"Dur\u00e9e de lecture estim\u00e9e":"2 minutes"},"schema":{"@context":"https:\/\/schema.org","@graph":[{"@type":"WebPage","@id":"https:\/\/canadianstroke.ca\/fr\/app\/","url":"https:\/\/canadianstroke.ca\/fr\/app\/","name":"Applications - CanStroke Recovery Trials","isPartOf":{"@id":"https:\/\/canadianstroke.ca\/#website"},"datePublished":"2024-11-26T17:08:29+00:00","dateModified":"2024-12-04T18:35:39+00:00","breadcrumb":{"@id":"https:\/\/canadianstroke.ca\/fr\/app\/#breadcrumb"},"inLanguage":"fr-FR","potentialAction":[{"@type":"ReadAction","target":["https:\/\/canadianstroke.ca\/fr\/app\/"]}]},{"@type":"BreadcrumbList","@id":"https:\/\/canadianstroke.ca\/fr\/app\/#breadcrumb","itemListElement":[{"@type":"ListItem","position":1,"name":"Home","item":"https:\/\/canadianstroke.ca\/fr\/"},{"@type":"ListItem","position":2,"name":"Applications"}]},{"@type":"WebSite","@id":"https:\/\/canadianstroke.ca\/#website","url":"https:\/\/canadianstroke.ca\/","name":"CanStroke Recovery Trials","description":"Transforming Lives Through Clinical Trials","publisher":{"@id":"https:\/\/canadianstroke.ca\/#organization"},"potentialAction":[{"@type":"SearchAction","target":{"@type":"EntryPoint","urlTemplate":"https:\/\/canadianstroke.ca\/?s={search_term_string}"},"query-input":{"@type":"PropertyValueSpecification","valueRequired":true,"valueName":"search_term_string"}}],"inLanguage":"fr-FR"},{"@type":"Organization","@id":"https:\/\/canadianstroke.ca\/#organization","name":"CanStroke Recovery Trials","url":"https:\/\/canadianstroke.ca\/","logo":{"@type":"ImageObject","inLanguage":"fr-FR","@id":"https:\/\/canadianstroke.ca\/#\/schema\/logo\/image\/","url":"https:\/\/canadianstroke.ca\/wp-content\/uploads\/2024\/11\/logo.png","contentUrl":"https:\/\/canadianstroke.ca\/wp-content\/uploads\/2024\/11\/logo.png","width":365,"height":98,"caption":"CanStroke Recovery Trials"},"image":{"@id":"https:\/\/canadianstroke.ca\/#\/schema\/logo\/image\/"},"sameAs":["https:\/\/x.com\/CanStroke","https:\/\/www.linkedin.com\/company\/canstroke-recovery-trials\/","https:\/\/www.instagram.com\/canstroke\/","https:\/\/www.youtube.com\/user\/canadianstroke"]}]}},"_links":{"self":[{"href":"https:\/\/canadianstroke.ca\/fr\/wp-json\/wp\/v2\/pages\/4509","targetHints":{"allow":["GET"]}}],"collection":[{"href":"https:\/\/canadianstroke.ca\/fr\/wp-json\/wp\/v2\/pages"}],"about":[{"href":"https:\/\/canadianstroke.ca\/fr\/wp-json\/wp\/v2\/types\/page"}],"author":[{"embeddable":true,"href":"https:\/\/canadianstroke.ca\/fr\/wp-json\/wp\/v2\/users\/1"}],"replies":[{"embeddable":true,"href":"https:\/\/canadianstroke.ca\/fr\/wp-json\/wp\/v2\/comments?post=4509"}],"version-history":[{"count":3,"href":"https:\/\/canadianstroke.ca\/fr\/wp-json\/wp\/v2\/pages\/4509\/revisions"}],"predecessor-version":[{"id":4705,"href":"https:\/\/canadianstroke.ca\/fr\/wp-json\/wp\/v2\/pages\/4509\/revisions\/4705"}],"wp:attachment":[{"href":"https:\/\/canadianstroke.ca\/fr\/wp-json\/wp\/v2\/media?parent=4509"}],"curies":[{"name":"wp","href":"https:\/\/api.w.org\/{rel}","templated":true}]}}