{"id":4507,"date":"2024-11-21T15:04:29","date_gmt":"2024-11-21T20:04:29","guid":{"rendered":"https:\/\/canadianstroke.ca\/videos\/"},"modified":"2024-11-26T12:26:52","modified_gmt":"2024-11-26T17:26:52","slug":"video","status":"publish","type":"page","link":"https:\/\/canadianstroke.ca\/fr\/video\/","title":{"rendered":"Vid\u00e9os"},"content":{"rendered":"<div class=\"gb-grid-wrapper gb-grid-wrapper-b6dbfd81\">\n<div class=\"gb-grid-column gb-grid-column-c0371e42\"><div class=\"gb-container gb-container-c0371e42\">\n\n<figure class=\"wp-block-embed is-type-video is-provider-youtube wp-block-embed-youtube wp-embed-aspect-16-9 wp-has-aspect-ratio\"><div class=\"wp-block-embed__wrapper\">\n<iframe loading=\"lazy\" title=\"Braver l&#039;anxi\u00e9t\u00e9 au quotidien\" width=\"1200\" height=\"675\" src=\"https:\/\/www.youtube.com\/embed\/Dnd5fNShipQ?feature=oembed\" frameborder=\"0\" allow=\"accelerometer; autoplay; clipboard-write; encrypted-media; gyroscope; picture-in-picture; web-share\" referrerpolicy=\"strict-origin-when-cross-origin\" allowfullscreen><\/iframe>\n<\/div><figcaption class=\"wp-element-caption\"><strong>Braver l&rsquo;anxi\u00e9t\u00e9 au quotidien<\/strong><br><\/figcaption><\/figure>\n\n<\/div><\/div>\n\n<div class=\"gb-grid-column gb-grid-column-20f3bb78\"><div class=\"gb-container gb-container-20f3bb78\">\n\n<figure class=\"wp-block-embed is-type-video is-provider-youtube wp-block-embed-youtube wp-embed-aspect-16-9 wp-has-aspect-ratio\"><div class=\"wp-block-embed__wrapper\">\n<iframe loading=\"lazy\" title=\"Pratiquer sa communication \u00e0 la maison : pour les Personnes Aphasiques\" width=\"1200\" height=\"675\" src=\"https:\/\/www.youtube.com\/embed\/kBPARzZfIAY?feature=oembed\" frameborder=\"0\" allow=\"accelerometer; autoplay; clipboard-write; encrypted-media; gyroscope; picture-in-picture; web-share\" referrerpolicy=\"strict-origin-when-cross-origin\" allowfullscreen><\/iframe>\n<\/div><figcaption class=\"wp-element-caption\"><strong>Habilet\u00e9s concr\u00e8tes de communication post-AVC<\/strong><br><a href=\"https:\/\/canadianstroke.ca\/sites\/default\/files\/inline-files\/Resources-Practical%20Communication%20Skills%20after%20Stroke_July9_Fr.docx\" data-type=\"link\" data-id=\"https:\/\/canadianstroke.ca\/sites\/default\/files\/2021-01\/Resource%20page%20-%20Using%20Virtual%20Meetups%20to%20Stay%20Connected.docx\" target=\"_blank\" rel=\"noreferrer noopener\"><a href=\"https:\/\/canadianstroke.ca\/sites\/default\/files\/inline-files\/Resources-Practical%20Communication%20Skills%20after%20Stroke_July9_Fr.docx\" target=\"_blank\" rel=\"noreferrer noopener\">Voir la fiche de ressources<\/a><\/a><\/figcaption><\/figure>\n\n<\/div><\/div>\n\n<div class=\"gb-grid-column gb-grid-column-770c4097\"><div class=\"gb-container gb-container-770c4097\">\n\n<figure class=\"wp-block-embed is-type-video is-provider-youtube wp-block-embed-youtube wp-embed-aspect-16-9 wp-has-aspect-ratio\"><div class=\"wp-block-embed__wrapper\">\n<iframe loading=\"lazy\" title=\"L&#039;attention apr\u00e8s un AVC\" width=\"1200\" height=\"675\" src=\"https:\/\/www.youtube.com\/embed\/5JeAxgwdUtA?feature=oembed\" frameborder=\"0\" allow=\"accelerometer; autoplay; clipboard-write; encrypted-media; gyroscope; picture-in-picture; web-share\" referrerpolicy=\"strict-origin-when-cross-origin\" allowfullscreen><\/iframe>\n<\/div><figcaption class=\"wp-element-caption\"><strong>L&rsquo;attention apr\u00e8s un AVC<\/strong><br><a href=\"https:\/\/canadianstroke.ca\/sites\/default\/files\/inline-files\/Resources_Attention%20Impairments%20after%20Stroke_July9.pdf\" data-type=\"link\" data-id=\"https:\/\/canadianstroke.ca\/sites\/default\/files\/2021-01\/Resource%20page%20-%20Using%20Virtual%20Meetups%20to%20Stay%20Connected.docx\" target=\"_blank\" rel=\"noreferrer noopener\"><a href=\"https:\/\/canadianstroke.ca\/sites\/default\/files\/inline-files\/Resources-Practical%20Communication%20Skills%20after%20Stroke_July9_Fr.docx\" data-type=\"link\" data-id=\"https:\/\/canadianstroke.ca\/sites\/default\/files\/2021-01\/Resource%20page%20-%20Using%20Virtual%20Meetups%20to%20Stay%20Connected.docx\" target=\"_blank\" rel=\"noreferrer noopener\"><\/a><\/a><a href=\"https:\/\/canadianstroke.ca\/sites\/default\/files\/inline-files\/Resources%20Attention%20Impairments%20after%20Stroke%20Sept%2017%20FR.docx\" data-type=\"link\" data-id=\"https:\/\/canadianstroke.ca\/sites\/default\/files\/inline-files\/Resources%20Attention%20Impairments%20after%20Stroke%20Sept%2017%20FR.docx\" target=\"_blank\" rel=\"noreferrer noopener\">Voir la fiche de ressources<\/a><\/figcaption><\/figure>\n\n<\/div><\/div>\n<\/div>\n\n\n<div style=\"height:100px\" aria-hidden=\"true\" class=\"wp-block-spacer\"><\/div>\n\n\n<div class=\"gb-grid-wrapper gb-grid-wrapper-7fea78b8\">\n<div class=\"gb-grid-column gb-grid-column-8603d531\"><div class=\"gb-container gb-container-8603d531\">\n\n<figure class=\"wp-block-embed is-type-video is-provider-youtube wp-block-embed-youtube wp-embed-aspect-16-9 wp-has-aspect-ratio\"><div class=\"wp-block-embed__wrapper\">\n<iframe loading=\"lazy\" title=\"Fatigue et gestion des \u00e9nergies apr\u00e8s un AVC\" width=\"1200\" height=\"675\" src=\"https:\/\/www.youtube.com\/embed\/W1Xv5MLOaWs?feature=oembed\" frameborder=\"0\" allow=\"accelerometer; autoplay; clipboard-write; encrypted-media; gyroscope; picture-in-picture; web-share\" referrerpolicy=\"strict-origin-when-cross-origin\" allowfullscreen><\/iframe>\n<\/div><figcaption class=\"wp-element-caption\"><strong>Fatigue et gestion des \u00e9nergies apr\u00e8s un AVC<\/strong><br><a href=\"https:\/\/canadianstroke.ca\/sites\/default\/files\/inline-files\/Resources%20-Fatigue%20%20Energy%20Conservation%20after%20Stroke_July%209_Fr.pdf\" data-type=\"link\" data-id=\"https:\/\/canadianstroke.ca\/sites\/default\/files\/inline-files\/Resources%20-Fatigue%20%20Energy%20Conservation%20after%20Stroke_July%209_Fr.pdf\" target=\"_blank\" rel=\"noreferrer noopener\"><a href=\"https:\/\/canadianstroke.ca\/sites\/default\/files\/inline-files\/Resources-Practical%20Communication%20Skills%20after%20Stroke_July9_Fr.docx\" data-type=\"link\" data-id=\"https:\/\/canadianstroke.ca\/sites\/default\/files\/2021-01\/Resource%20page%20-%20Using%20Virtual%20Meetups%20to%20Stay%20Connected.docx\" target=\"_blank\" rel=\"noreferrer noopener\"><\/a>Voir la fiche de ressources<\/a><\/figcaption><\/figure>\n\n<\/div><\/div>\n\n<div class=\"gb-grid-column gb-grid-column-14b1130b\"><div class=\"gb-container gb-container-14b1130b\">\n\n<figure class=\"wp-block-embed is-type-video is-provider-youtube wp-block-embed-youtube wp-embed-aspect-16-9 wp-has-aspect-ratio\"><div class=\"wp-block-embed__wrapper\">\n<iframe loading=\"lazy\" title=\"Les activit\u00e9s r\u00e9cr\u00e9atives\" width=\"1200\" height=\"675\" src=\"https:\/\/www.youtube.com\/embed\/iNpqGpi8aas?feature=oembed\" frameborder=\"0\" allow=\"accelerometer; autoplay; clipboard-write; encrypted-media; gyroscope; picture-in-picture; web-share\" referrerpolicy=\"strict-origin-when-cross-origin\" allowfullscreen><\/iframe>\n<\/div><figcaption class=\"wp-element-caption\"><strong>Les activit\u00e9s r\u00e9cr\u00e9atives<\/strong><br><a href=\"https:\/\/canadianstroke.ca\/sites\/default\/files\/inline-files\/Resources_Recreation%20%20Leisure%20after%20Stroke_July9_Fr.pdf\" data-type=\"link\" data-id=\"https:\/\/canadianstroke.ca\/sites\/default\/files\/inline-files\/Resources_Recreation%20%20Leisure%20after%20Stroke_July9_Fr.pdf\" target=\"_blank\" rel=\"noreferrer noopener\">Voir la fiche de ressources<\/a><\/figcaption><\/figure>\n\n<\/div><\/div>\n\n<div class=\"gb-grid-column gb-grid-column-51d06709\"><div class=\"gb-container gb-container-51d06709\">\n\n<figure class=\"wp-block-embed is-type-video is-provider-youtube wp-block-embed-youtube wp-embed-aspect-16-9 wp-has-aspect-ratio\"><div class=\"wp-block-embed__wrapper\">\n<iframe loading=\"lazy\" title=\"Le stress apr\u00e8s un AVC\" width=\"1200\" height=\"675\" src=\"https:\/\/www.youtube.com\/embed\/BH5QSUV0_rk?feature=oembed\" frameborder=\"0\" allow=\"accelerometer; autoplay; clipboard-write; encrypted-media; gyroscope; picture-in-picture; web-share\" referrerpolicy=\"strict-origin-when-cross-origin\" allowfullscreen><\/iframe>\n<\/div><figcaption class=\"wp-element-caption\"><strong>Le stress apr\u00e8s un AVC<\/strong><br><a href=\"https:\/\/canadianstroke.ca\/sites\/default\/files\/inline-files\/Resources-Stress%20After%20Stroke_July9_Fr.pdf\" data-type=\"link\" data-id=\"https:\/\/canadianstroke.ca\/sites\/default\/files\/inline-files\/Resources-Stress%20After%20Stroke_July9_Fr.pdf\" target=\"_blank\" rel=\"noreferrer noopener\">Voir la fiche de ressources<\/a><\/figcaption><\/figure>\n\n<\/div><\/div>\n<\/div>\n\n\n<div style=\"height:100px\" aria-hidden=\"true\" class=\"wp-block-spacer\"><\/div>\n\n\n<div class=\"gb-grid-wrapper gb-grid-wrapper-ce61a090\">\n<div class=\"gb-grid-column gb-grid-column-8a6f0e48\"><div class=\"gb-container gb-container-8a6f0e48\">\n\n<figure class=\"wp-block-embed is-type-video is-provider-youtube wp-block-embed-youtube wp-embed-aspect-16-9 wp-has-aspect-ratio\"><div class=\"wp-block-embed__wrapper\">\n<iframe loading=\"lazy\" title=\"Prise en charge des membres sup\u00e9rieurs apr\u00e8s un AVC\" width=\"1200\" height=\"675\" src=\"https:\/\/www.youtube.com\/embed\/mlLzuH6lRyQ?feature=oembed\" frameborder=\"0\" allow=\"accelerometer; autoplay; clipboard-write; encrypted-media; gyroscope; picture-in-picture; web-share\" referrerpolicy=\"strict-origin-when-cross-origin\" allowfullscreen><\/iframe>\n<\/div><figcaption class=\"wp-element-caption\"><strong>Prise en charge des membres sup\u00e9rieurs apr\u00e8s un AVC<\/strong><br><a href=\"https:\/\/canadianstroke.ca\/sites\/default\/files\/inline-files\/Resources-UpperExtremityManagementAfterStroke_July9_Fr.pdf\" data-type=\"link\" data-id=\"https:\/\/canadianstroke.ca\/sites\/default\/files\/inline-files\/Resources-UpperExtremityManagementAfterStroke_July9_Fr.pdf\" target=\"_blank\" rel=\"noreferrer noopener\">Voir la fiche de ressources<\/a><\/figcaption><\/figure>\n\n<\/div><\/div>\n\n<div class=\"gb-grid-column gb-grid-column-4ac225f9\"><div class=\"gb-container gb-container-4ac225f9\">\n\n<figure class=\"wp-block-embed is-type-video is-provider-youtube wp-block-embed-youtube wp-embed-aspect-16-9 wp-has-aspect-ratio\"><div class=\"wp-block-embed__wrapper\">\n<iframe loading=\"lazy\" title=\"La Gestion de l\u2019h\u00e9min\u00e9gligence apr\u00e8s un AVC\" width=\"1200\" height=\"675\" src=\"https:\/\/www.youtube.com\/embed\/ajVgkZc8Ffg?feature=oembed\" frameborder=\"0\" allow=\"accelerometer; autoplay; clipboard-write; encrypted-media; gyroscope; picture-in-picture; web-share\" referrerpolicy=\"strict-origin-when-cross-origin\" allowfullscreen><\/iframe>\n<\/div><figcaption class=\"wp-element-caption\"><strong>La Gestion de l\u2019h\u00e9min\u00e9gligence apr\u00e8s un AVC<\/strong><br><a href=\"https:\/\/canadianstroke.ca\/sites\/default\/files\/inline-files\/Resources-Unilateral%20Spatial%20Neglect%20after%20Stroke_July9_Fr%20copy.pdf\" data-type=\"link\" data-id=\"https:\/\/canadianstroke.ca\/sites\/default\/files\/inline-files\/Resources-Unilateral%20Spatial%20Neglect%20after%20Stroke_July9_Fr%20copy.pdf\" target=\"_blank\" rel=\"noreferrer noopener\">Voir la fiche de ressources<\/a><br><\/figcaption><\/figure>\n\n<\/div><\/div>\n\n<div class=\"gb-grid-column gb-grid-column-c59d6e7f\"><div class=\"gb-container gb-container-c59d6e7f\"><\/div><\/div>\n<\/div>","protected":false},"excerpt":{"rendered":"","protected":false},"author":1,"featured_media":0,"parent":0,"menu_order":0,"comment_status":"closed","ping_status":"closed","template":"","meta":{"_acf_changed":false,"_monsterinsights_skip_tracking":false,"_monsterinsights_sitenote_active":false,"_monsterinsights_sitenote_note":"","_monsterinsights_sitenote_category":0,"footnotes":""},"class_list":["post-4507","page","type-page","status-publish"],"acf":[],"yoast_head":"<!-- This site is optimized with the Yoast SEO plugin v27.3 - https:\/\/yoast.com\/product\/yoast-seo-wordpress\/ -->\n<title>Vid\u00e9os - CanStroke Recovery Trials<\/title>\n<meta name=\"robots\" content=\"index, follow, max-snippet:-1, max-image-preview:large, max-video-preview:-1\" \/>\n<link rel=\"canonical\" href=\"https:\/\/canadianstroke.ca\/fr\/video\/\" \/>\n<meta property=\"og:locale\" content=\"fr_FR\" \/>\n<meta property=\"og:type\" content=\"article\" \/>\n<meta property=\"og:title\" content=\"Vid\u00e9os - CanStroke Recovery Trials\" \/>\n<meta property=\"og:url\" content=\"https:\/\/canadianstroke.ca\/fr\/video\/\" \/>\n<meta property=\"og:site_name\" content=\"CanStroke Recovery Trials\" \/>\n<meta property=\"article:modified_time\" content=\"2024-11-26T17:26:52+00:00\" \/>\n<meta name=\"twitter:card\" content=\"summary_large_image\" \/>\n<meta name=\"twitter:site\" content=\"@CanStroke\" \/>\n<meta name=\"twitter:label1\" content=\"Dur\u00e9e de lecture estim\u00e9e\" \/>\n\t<meta name=\"twitter:data1\" content=\"1 minute\" \/>\n<script type=\"application\/ld+json\" class=\"yoast-schema-graph\">{\"@context\":\"https:\\\/\\\/schema.org\",\"@graph\":[{\"@type\":\"WebPage\",\"@id\":\"https:\\\/\\\/canadianstroke.ca\\\/fr\\\/video\\\/\",\"url\":\"https:\\\/\\\/canadianstroke.ca\\\/fr\\\/video\\\/\",\"name\":\"Vid\u00e9os - CanStroke Recovery Trials\",\"isPartOf\":{\"@id\":\"https:\\\/\\\/canadianstroke.ca\\\/#website\"},\"datePublished\":\"2024-11-21T20:04:29+00:00\",\"dateModified\":\"2024-11-26T17:26:52+00:00\",\"breadcrumb\":{\"@id\":\"https:\\\/\\\/canadianstroke.ca\\\/fr\\\/video\\\/#breadcrumb\"},\"inLanguage\":\"fr-FR\",\"potentialAction\":[{\"@type\":\"ReadAction\",\"target\":[\"https:\\\/\\\/canadianstroke.ca\\\/fr\\\/video\\\/\"]}]},{\"@type\":\"BreadcrumbList\",\"@id\":\"https:\\\/\\\/canadianstroke.ca\\\/fr\\\/video\\\/#breadcrumb\",\"itemListElement\":[{\"@type\":\"ListItem\",\"position\":1,\"name\":\"Home\",\"item\":\"https:\\\/\\\/canadianstroke.ca\\\/fr\\\/\"},{\"@type\":\"ListItem\",\"position\":2,\"name\":\"Vid\u00e9os\"}]},{\"@type\":\"WebSite\",\"@id\":\"https:\\\/\\\/canadianstroke.ca\\\/#website\",\"url\":\"https:\\\/\\\/canadianstroke.ca\\\/\",\"name\":\"CanStroke Recovery Trials\",\"description\":\"Transforming Lives Through Clinical Trials\",\"publisher\":{\"@id\":\"https:\\\/\\\/canadianstroke.ca\\\/#organization\"},\"potentialAction\":[{\"@type\":\"SearchAction\",\"target\":{\"@type\":\"EntryPoint\",\"urlTemplate\":\"https:\\\/\\\/canadianstroke.ca\\\/?s={search_term_string}\"},\"query-input\":{\"@type\":\"PropertyValueSpecification\",\"valueRequired\":true,\"valueName\":\"search_term_string\"}}],\"inLanguage\":\"fr-FR\"},{\"@type\":\"Organization\",\"@id\":\"https:\\\/\\\/canadianstroke.ca\\\/#organization\",\"name\":\"CanStroke Recovery Trials\",\"url\":\"https:\\\/\\\/canadianstroke.ca\\\/\",\"logo\":{\"@type\":\"ImageObject\",\"inLanguage\":\"fr-FR\",\"@id\":\"https:\\\/\\\/canadianstroke.ca\\\/#\\\/schema\\\/logo\\\/image\\\/\",\"url\":\"https:\\\/\\\/canadianstroke.ca\\\/wp-content\\\/uploads\\\/2024\\\/11\\\/logo.png\",\"contentUrl\":\"https:\\\/\\\/canadianstroke.ca\\\/wp-content\\\/uploads\\\/2024\\\/11\\\/logo.png\",\"width\":365,\"height\":98,\"caption\":\"CanStroke Recovery Trials\"},\"image\":{\"@id\":\"https:\\\/\\\/canadianstroke.ca\\\/#\\\/schema\\\/logo\\\/image\\\/\"},\"sameAs\":[\"https:\\\/\\\/x.com\\\/CanStroke\",\"https:\\\/\\\/www.linkedin.com\\\/company\\\/canstroke-recovery-trials\\\/\",\"https:\\\/\\\/www.instagram.com\\\/canstroke\\\/\",\"https:\\\/\\\/www.youtube.com\\\/user\\\/canadianstroke\"]}]}<\/script>\n<!-- \/ Yoast SEO plugin. -->","yoast_head_json":{"title":"Vid\u00e9os - CanStroke Recovery Trials","robots":{"index":"index","follow":"follow","max-snippet":"max-snippet:-1","max-image-preview":"max-image-preview:large","max-video-preview":"max-video-preview:-1"},"canonical":"https:\/\/canadianstroke.ca\/fr\/video\/","og_locale":"fr_FR","og_type":"article","og_title":"Vid\u00e9os - CanStroke Recovery Trials","og_url":"https:\/\/canadianstroke.ca\/fr\/video\/","og_site_name":"CanStroke Recovery Trials","article_modified_time":"2024-11-26T17:26:52+00:00","twitter_card":"summary_large_image","twitter_site":"@CanStroke","twitter_misc":{"Dur\u00e9e de lecture estim\u00e9e":"1 minute"},"schema":{"@context":"https:\/\/schema.org","@graph":[{"@type":"WebPage","@id":"https:\/\/canadianstroke.ca\/fr\/video\/","url":"https:\/\/canadianstroke.ca\/fr\/video\/","name":"Vid\u00e9os - CanStroke Recovery Trials","isPartOf":{"@id":"https:\/\/canadianstroke.ca\/#website"},"datePublished":"2024-11-21T20:04:29+00:00","dateModified":"2024-11-26T17:26:52+00:00","breadcrumb":{"@id":"https:\/\/canadianstroke.ca\/fr\/video\/#breadcrumb"},"inLanguage":"fr-FR","potentialAction":[{"@type":"ReadAction","target":["https:\/\/canadianstroke.ca\/fr\/video\/"]}]},{"@type":"BreadcrumbList","@id":"https:\/\/canadianstroke.ca\/fr\/video\/#breadcrumb","itemListElement":[{"@type":"ListItem","position":1,"name":"Home","item":"https:\/\/canadianstroke.ca\/fr\/"},{"@type":"ListItem","position":2,"name":"Vid\u00e9os"}]},{"@type":"WebSite","@id":"https:\/\/canadianstroke.ca\/#website","url":"https:\/\/canadianstroke.ca\/","name":"CanStroke Recovery Trials","description":"Transforming Lives Through Clinical Trials","publisher":{"@id":"https:\/\/canadianstroke.ca\/#organization"},"potentialAction":[{"@type":"SearchAction","target":{"@type":"EntryPoint","urlTemplate":"https:\/\/canadianstroke.ca\/?s={search_term_string}"},"query-input":{"@type":"PropertyValueSpecification","valueRequired":true,"valueName":"search_term_string"}}],"inLanguage":"fr-FR"},{"@type":"Organization","@id":"https:\/\/canadianstroke.ca\/#organization","name":"CanStroke Recovery Trials","url":"https:\/\/canadianstroke.ca\/","logo":{"@type":"ImageObject","inLanguage":"fr-FR","@id":"https:\/\/canadianstroke.ca\/#\/schema\/logo\/image\/","url":"https:\/\/canadianstroke.ca\/wp-content\/uploads\/2024\/11\/logo.png","contentUrl":"https:\/\/canadianstroke.ca\/wp-content\/uploads\/2024\/11\/logo.png","width":365,"height":98,"caption":"CanStroke Recovery Trials"},"image":{"@id":"https:\/\/canadianstroke.ca\/#\/schema\/logo\/image\/"},"sameAs":["https:\/\/x.com\/CanStroke","https:\/\/www.linkedin.com\/company\/canstroke-recovery-trials\/","https:\/\/www.instagram.com\/canstroke\/","https:\/\/www.youtube.com\/user\/canadianstroke"]}]}},"_links":{"self":[{"href":"https:\/\/canadianstroke.ca\/fr\/wp-json\/wp\/v2\/pages\/4507","targetHints":{"allow":["GET"]}}],"collection":[{"href":"https:\/\/canadianstroke.ca\/fr\/wp-json\/wp\/v2\/pages"}],"about":[{"href":"https:\/\/canadianstroke.ca\/fr\/wp-json\/wp\/v2\/types\/page"}],"author":[{"embeddable":true,"href":"https:\/\/canadianstroke.ca\/fr\/wp-json\/wp\/v2\/users\/1"}],"replies":[{"embeddable":true,"href":"https:\/\/canadianstroke.ca\/fr\/wp-json\/wp\/v2\/comments?post=4507"}],"version-history":[{"count":0,"href":"https:\/\/canadianstroke.ca\/fr\/wp-json\/wp\/v2\/pages\/4507\/revisions"}],"wp:attachment":[{"href":"https:\/\/canadianstroke.ca\/fr\/wp-json\/wp\/v2\/media?parent=4507"}],"curies":[{"name":"wp","href":"https:\/\/api.w.org\/{rel}","templated":true}]}}