{"id":4506,"date":"2024-11-26T11:38:53","date_gmt":"2024-11-26T16:38:53","guid":{"rendered":"https:\/\/canadianstroke.ca\/tools\/"},"modified":"2024-11-26T12:31:14","modified_gmt":"2024-11-26T17:31:14","slug":"outils-et-ressources","status":"publish","type":"page","link":"https:\/\/canadianstroke.ca\/fr\/outils-et-ressources\/","title":{"rendered":"Outils et ressources"},"content":{"rendered":"\n<a class=\"gb-button gb-button-b5acdb73 gb-button-text\" href=\"http:\/\/ebrsr.com\/\" target=\"_blank\" rel=\"noopener noreferrer\">Evidence-Based Review of Stroke Rehabilitation <strong>EBRSR<\/strong><\/a>\n\n\n\n<a class=\"gb-button gb-button-a16c5af3 gb-button-text\" href=\"https:\/\/strokengine.ca\/fr\/\" target=\"_blank\" rel=\"noopener noreferrer\"><strong>Info AVC<\/strong><\/a>\n\n\n\n<a class=\"gb-button gb-button-c60d971a gb-button-text\" href=\"\/fr\/video\/\"><strong>Vid\u00e9os<\/strong><\/a>\n\n\n\n<a class=\"gb-button gb-button-e5f5801b gb-button-text\" href=\"\/fr\/app\/\"><strong>Apps<\/strong><\/a>\n\n\n\n<div style=\"height:100px\" aria-hidden=\"true\" class=\"wp-block-spacer\"><\/div>\n\n\n<div class=\"gb-container gb-container-dd0d77ae gb-accordion\">\n<div class=\"gb-container gb-container-7e0d6f55 gb-accordion__item\" data-transition=\"slide\">\n\n<button class=\"gb-button gb-button-0dce973e gb-accordion__toggle\" id=\"gb-accordion-toggle-0dce973e\"><span class=\"gb-button-text\"><strong>Ressources<\/strong><\/span><span class=\"gb-icon\"><svg xmlns=\"http:\/\/www.w3.org\/2000\/svg\" viewBox=\"0 0 448 512\" width=\"1em\" height=\"1em\" aria-hidden=\"true\" role=\"img\" class=\"gb-accordion__icon\"><path d=\"M207.029 381.476L12.686 187.132c-9.373-9.373-9.373-24.569 0-33.941l22.667-22.667c9.357-9.357 24.522-9.375 33.901-.04L224 284.505l154.745-154.021c9.379-9.335 24.544-9.317 33.901.04l22.667 22.667c9.373 9.373 9.373 24.569 0 33.941L240.971 381.476c-9.373 9.372-24.569 9.372-33.942 0z\" fill=\"currentColor\"><\/path><\/svg><svg xmlns=\"http:\/\/www.w3.org\/2000\/svg\" viewBox=\"0 0 448 512\" width=\"1em\" height=\"1em\" aria-hidden=\"true\" role=\"img\" class=\"gb-accordion__icon-open\"><path d=\"M240.971 130.524l194.343 194.343c9.373 9.373 9.373 24.569 0 33.941l-22.667 22.667c-9.357 9.357-24.522 9.375-33.901.04L224 227.495 69.255 381.516c-9.379 9.335-24.544 9.317-33.901-.04l-22.667-22.667c-9.373-9.373-9.373-24.569 0-33.941L207.03 130.525c9.372-9.373 24.568-9.373 33.941-.001z\" fill=\"currentColor\"><\/path><\/svg><\/span><\/button>\n\n\n<div id=\"gb-accordion-content-903f70ec\" class=\"gb-accordion__content\"><div class=\"gb-container gb-container-903f70ec\">\n\n<p>Il existe un certain nombre de ressources formidables pour les patients, les familles et les soignants qui vivent avec un AVC. Veuillez passer en revue les sujets et les outils ci-dessous&nbsp;:<\/p>\n\n\n\n<p><strong>Visitez notre cha\u00eene YouTube<\/strong>&nbsp;pour des vid\u00e9os (et des fiches de&nbsp;ressources)&nbsp;sur la r\u00e9tablissement post-AVC :&nbsp;<a href=\"https:\/\/www.youtube.com\/user\/canadianstroke\/videos\" target=\"_blank\" rel=\"noreferrer noopener\">https:\/\/www.youtube.com\/user\/canadianstroke\/videos<\/a><\/p>\n\n\n\n<p>Trouvez la nouvelle \u201cRecommandations canadiennes sur les programmes communautaires d\u2019exercice apr\u00e8s un AVC, Version 2020\u201d et le guide d\u2019accompagnement entitule \u201cChoisir un programme communautaire d\u2019exercice apr\u00e8s un AVC\u201d \u00e0 <a href=\"https:\/\/t.co\/2Pq9Qu67cQ\" target=\"_blank\" rel=\"noreferrer noopener\">http:\/\/canstrokecommunityexercise.ca<\/a>, <a href=\"https:\/\/kite-uhn.com\/can-stroke-community-based-exercise-recommendations\/fr\">https:\/\/kite-uhn.com\/can-stroke-community-based-exercise-recommendations\/fr<\/a><\/p>\n\n\n\n<p>Le Partenariat canadien pour le r\u00e9tablissement de l\u2019AVC de la FMC a publi\u00e9 un guide sur&nbsp;<a href=\"http:\/\/canadianstroke.ca\/sites\/default\/files\/resources\/Stroke_Young_FINAL_FRE.pdf\" target=\"_blank\" rel=\"noreferrer noopener\"><em>L\u2019AVC chez les jeunes adultes<\/em><\/a><em>,<\/em>&nbsp;qui donne un aper\u00e7u des d\u00e9fis uniques auxquels font face les jeunes adultes de 18 \u00e0 45 ans qui vivent avec un AVC. L\u2019incidence de l\u2019AVC augmente le plus rapidement chez les personnes \u00e2g\u00e9es de 20 \u00e0 40 ans au Canada.<\/p>\n\n\n\n<p>Une cible particuli\u00e8re du Partenariat canadien pour le r\u00e9tablissement de l\u2019AVC de la FMC est le r\u00f4le de l\u2019exercice dans l\u2019am\u00e9lioration du r\u00e9tablissement physique et cognitif apr\u00e8s l\u2019AVC. C\u2019est pourquoi nous avons \u00e9labor\u00e9 deux guides de ressources \u2013 l\u2019un pour les&nbsp;<a href=\"http:\/\/canadianstroke.ca\/sites\/default\/files\/resources\/CPSR_Guide_Patients-French_WEB2.pdf\" target=\"_blank\" rel=\"noreferrer noopener\">PATIENTS<\/a>&nbsp;et l\u2019autre pour les&nbsp;<a href=\"http:\/\/canadianstroke.ca\/sites\/default\/files\/resources\/CPSR_Guide_Clinicians-French_WEB_March20.pdf\" target=\"_blank\" rel=\"noreferrer noopener\">CLINICIENS<\/a>. Les deux sont bas\u00e9s sur les meilleures pratiques recommand\u00e9es pour les exercices a\u00e9robiques apr\u00e8s un accident vasculaire c\u00e9r\u00e9bral.<\/p>\n\n\n\n<p><a href=\"http:\/\/www.heartandstroke.ca\/stroke\" target=\"_blank\" rel=\"noreferrer noopener\">La Fondation des maladies du c\u0153ur et de l\u2019AVC<\/a>&nbsp;a \u00e9labor\u00e9 une excellente s\u00e9lection de ressources, d\u2019outils, de cahiers d\u2019exercices, de plans d\u2019action et de vid\u00e9os sur le r\u00e9tablissement et la pr\u00e9vention secondaire de l\u2019AVC.<\/p>\n\n<\/div><\/div>\n<\/div>\n<\/div>","protected":false},"excerpt":{"rendered":"<p>Il existe un certain nombre de ressources formidables pour les patients, les familles et les soignants qui vivent avec un AVC. Veuillez passer en revue les sujets et les outils ci-dessous&nbsp;: Visitez notre cha\u00eene YouTube&nbsp;pour des vid\u00e9os (et des fiches de&nbsp;ressources)&nbsp;sur la r\u00e9tablissement post-AVC :&nbsp;https:\/\/www.youtube.com\/user\/canadianstroke\/videos Trouvez la nouvelle \u201cRecommandations canadiennes sur les programmes communautaires d\u2019exercice &#8230; <a title=\"Outils et ressources\" class=\"read-more\" href=\"https:\/\/canadianstroke.ca\/fr\/outils-et-ressources\/\" aria-label=\"En savoir plus sur Outils et ressources\">Lire plus<\/a><\/p>\n","protected":false},"author":1,"featured_media":0,"parent":0,"menu_order":0,"comment_status":"closed","ping_status":"closed","template":"","meta":{"_acf_changed":false,"_monsterinsights_skip_tracking":false,"_monsterinsights_sitenote_active":false,"_monsterinsights_sitenote_note":"","_monsterinsights_sitenote_category":0,"footnotes":""},"class_list":["post-4506","page","type-page","status-publish"],"acf":[],"yoast_head":"<!-- This site is optimized with the Yoast SEO plugin v27.3 - https:\/\/yoast.com\/product\/yoast-seo-wordpress\/ -->\n<title>Outils et ressources - CanStroke Recovery Trials<\/title>\n<meta name=\"robots\" content=\"index, follow, max-snippet:-1, max-image-preview:large, max-video-preview:-1\" \/>\n<link rel=\"canonical\" href=\"https:\/\/canadianstroke.ca\/fr\/outils-et-ressources\/\" \/>\n<meta property=\"og:locale\" content=\"fr_FR\" \/>\n<meta property=\"og:type\" content=\"article\" \/>\n<meta property=\"og:title\" content=\"Outils et ressources - CanStroke Recovery Trials\" \/>\n<meta property=\"og:description\" content=\"Il existe un certain nombre de ressources formidables pour les patients, les familles et les soignants qui vivent avec un AVC. Veuillez passer en revue les sujets et les outils ci-dessous&nbsp;: Visitez notre cha\u00eene YouTube&nbsp;pour des vid\u00e9os (et des fiches de&nbsp;ressources)&nbsp;sur la r\u00e9tablissement post-AVC :&nbsp;https:\/\/www.youtube.com\/user\/canadianstroke\/videos Trouvez la nouvelle \u201cRecommandations canadiennes sur les programmes communautaires d\u2019exercice ... Lire plus\" \/>\n<meta property=\"og:url\" content=\"https:\/\/canadianstroke.ca\/fr\/outils-et-ressources\/\" \/>\n<meta property=\"og:site_name\" content=\"CanStroke Recovery Trials\" \/>\n<meta property=\"article:modified_time\" content=\"2024-11-26T17:31:14+00:00\" \/>\n<meta name=\"twitter:card\" content=\"summary_large_image\" \/>\n<meta name=\"twitter:site\" content=\"@CanStroke\" \/>\n<meta name=\"twitter:label1\" content=\"Dur\u00e9e de lecture estim\u00e9e\" \/>\n\t<meta name=\"twitter:data1\" content=\"2 minutes\" \/>\n<script type=\"application\/ld+json\" class=\"yoast-schema-graph\">{\"@context\":\"https:\\\/\\\/schema.org\",\"@graph\":[{\"@type\":\"WebPage\",\"@id\":\"https:\\\/\\\/canadianstroke.ca\\\/fr\\\/outils-et-ressources\\\/\",\"url\":\"https:\\\/\\\/canadianstroke.ca\\\/fr\\\/outils-et-ressources\\\/\",\"name\":\"Outils et ressources - CanStroke Recovery Trials\",\"isPartOf\":{\"@id\":\"https:\\\/\\\/canadianstroke.ca\\\/#website\"},\"datePublished\":\"2024-11-26T16:38:53+00:00\",\"dateModified\":\"2024-11-26T17:31:14+00:00\",\"breadcrumb\":{\"@id\":\"https:\\\/\\\/canadianstroke.ca\\\/fr\\\/outils-et-ressources\\\/#breadcrumb\"},\"inLanguage\":\"fr-FR\",\"potentialAction\":[{\"@type\":\"ReadAction\",\"target\":[\"https:\\\/\\\/canadianstroke.ca\\\/fr\\\/outils-et-ressources\\\/\"]}]},{\"@type\":\"BreadcrumbList\",\"@id\":\"https:\\\/\\\/canadianstroke.ca\\\/fr\\\/outils-et-ressources\\\/#breadcrumb\",\"itemListElement\":[{\"@type\":\"ListItem\",\"position\":1,\"name\":\"Home\",\"item\":\"https:\\\/\\\/canadianstroke.ca\\\/fr\\\/\"},{\"@type\":\"ListItem\",\"position\":2,\"name\":\"Outils et ressources\"}]},{\"@type\":\"WebSite\",\"@id\":\"https:\\\/\\\/canadianstroke.ca\\\/#website\",\"url\":\"https:\\\/\\\/canadianstroke.ca\\\/\",\"name\":\"CanStroke Recovery Trials\",\"description\":\"Transforming Lives Through Clinical Trials\",\"publisher\":{\"@id\":\"https:\\\/\\\/canadianstroke.ca\\\/#organization\"},\"potentialAction\":[{\"@type\":\"SearchAction\",\"target\":{\"@type\":\"EntryPoint\",\"urlTemplate\":\"https:\\\/\\\/canadianstroke.ca\\\/?s={search_term_string}\"},\"query-input\":{\"@type\":\"PropertyValueSpecification\",\"valueRequired\":true,\"valueName\":\"search_term_string\"}}],\"inLanguage\":\"fr-FR\"},{\"@type\":\"Organization\",\"@id\":\"https:\\\/\\\/canadianstroke.ca\\\/#organization\",\"name\":\"CanStroke Recovery Trials\",\"url\":\"https:\\\/\\\/canadianstroke.ca\\\/\",\"logo\":{\"@type\":\"ImageObject\",\"inLanguage\":\"fr-FR\",\"@id\":\"https:\\\/\\\/canadianstroke.ca\\\/#\\\/schema\\\/logo\\\/image\\\/\",\"url\":\"https:\\\/\\\/canadianstroke.ca\\\/wp-content\\\/uploads\\\/2024\\\/11\\\/logo.png\",\"contentUrl\":\"https:\\\/\\\/canadianstroke.ca\\\/wp-content\\\/uploads\\\/2024\\\/11\\\/logo.png\",\"width\":365,\"height\":98,\"caption\":\"CanStroke Recovery Trials\"},\"image\":{\"@id\":\"https:\\\/\\\/canadianstroke.ca\\\/#\\\/schema\\\/logo\\\/image\\\/\"},\"sameAs\":[\"https:\\\/\\\/x.com\\\/CanStroke\",\"https:\\\/\\\/www.linkedin.com\\\/company\\\/canstroke-recovery-trials\\\/\",\"https:\\\/\\\/www.instagram.com\\\/canstroke\\\/\",\"https:\\\/\\\/www.youtube.com\\\/user\\\/canadianstroke\"]}]}<\/script>\n<!-- \/ Yoast SEO plugin. -->","yoast_head_json":{"title":"Outils et ressources - CanStroke Recovery Trials","robots":{"index":"index","follow":"follow","max-snippet":"max-snippet:-1","max-image-preview":"max-image-preview:large","max-video-preview":"max-video-preview:-1"},"canonical":"https:\/\/canadianstroke.ca\/fr\/outils-et-ressources\/","og_locale":"fr_FR","og_type":"article","og_title":"Outils et ressources - CanStroke Recovery Trials","og_description":"Il existe un certain nombre de ressources formidables pour les patients, les familles et les soignants qui vivent avec un AVC. Veuillez passer en revue les sujets et les outils ci-dessous&nbsp;: Visitez notre cha\u00eene YouTube&nbsp;pour des vid\u00e9os (et des fiches de&nbsp;ressources)&nbsp;sur la r\u00e9tablissement post-AVC :&nbsp;https:\/\/www.youtube.com\/user\/canadianstroke\/videos Trouvez la nouvelle \u201cRecommandations canadiennes sur les programmes communautaires d\u2019exercice ... Lire plus","og_url":"https:\/\/canadianstroke.ca\/fr\/outils-et-ressources\/","og_site_name":"CanStroke Recovery Trials","article_modified_time":"2024-11-26T17:31:14+00:00","twitter_card":"summary_large_image","twitter_site":"@CanStroke","twitter_misc":{"Dur\u00e9e de lecture estim\u00e9e":"2 minutes"},"schema":{"@context":"https:\/\/schema.org","@graph":[{"@type":"WebPage","@id":"https:\/\/canadianstroke.ca\/fr\/outils-et-ressources\/","url":"https:\/\/canadianstroke.ca\/fr\/outils-et-ressources\/","name":"Outils et ressources - CanStroke Recovery Trials","isPartOf":{"@id":"https:\/\/canadianstroke.ca\/#website"},"datePublished":"2024-11-26T16:38:53+00:00","dateModified":"2024-11-26T17:31:14+00:00","breadcrumb":{"@id":"https:\/\/canadianstroke.ca\/fr\/outils-et-ressources\/#breadcrumb"},"inLanguage":"fr-FR","potentialAction":[{"@type":"ReadAction","target":["https:\/\/canadianstroke.ca\/fr\/outils-et-ressources\/"]}]},{"@type":"BreadcrumbList","@id":"https:\/\/canadianstroke.ca\/fr\/outils-et-ressources\/#breadcrumb","itemListElement":[{"@type":"ListItem","position":1,"name":"Home","item":"https:\/\/canadianstroke.ca\/fr\/"},{"@type":"ListItem","position":2,"name":"Outils et ressources"}]},{"@type":"WebSite","@id":"https:\/\/canadianstroke.ca\/#website","url":"https:\/\/canadianstroke.ca\/","name":"CanStroke Recovery Trials","description":"Transforming Lives Through Clinical Trials","publisher":{"@id":"https:\/\/canadianstroke.ca\/#organization"},"potentialAction":[{"@type":"SearchAction","target":{"@type":"EntryPoint","urlTemplate":"https:\/\/canadianstroke.ca\/?s={search_term_string}"},"query-input":{"@type":"PropertyValueSpecification","valueRequired":true,"valueName":"search_term_string"}}],"inLanguage":"fr-FR"},{"@type":"Organization","@id":"https:\/\/canadianstroke.ca\/#organization","name":"CanStroke Recovery Trials","url":"https:\/\/canadianstroke.ca\/","logo":{"@type":"ImageObject","inLanguage":"fr-FR","@id":"https:\/\/canadianstroke.ca\/#\/schema\/logo\/image\/","url":"https:\/\/canadianstroke.ca\/wp-content\/uploads\/2024\/11\/logo.png","contentUrl":"https:\/\/canadianstroke.ca\/wp-content\/uploads\/2024\/11\/logo.png","width":365,"height":98,"caption":"CanStroke Recovery Trials"},"image":{"@id":"https:\/\/canadianstroke.ca\/#\/schema\/logo\/image\/"},"sameAs":["https:\/\/x.com\/CanStroke","https:\/\/www.linkedin.com\/company\/canstroke-recovery-trials\/","https:\/\/www.instagram.com\/canstroke\/","https:\/\/www.youtube.com\/user\/canadianstroke"]}]}},"_links":{"self":[{"href":"https:\/\/canadianstroke.ca\/fr\/wp-json\/wp\/v2\/pages\/4506","targetHints":{"allow":["GET"]}}],"collection":[{"href":"https:\/\/canadianstroke.ca\/fr\/wp-json\/wp\/v2\/pages"}],"about":[{"href":"https:\/\/canadianstroke.ca\/fr\/wp-json\/wp\/v2\/types\/page"}],"author":[{"embeddable":true,"href":"https:\/\/canadianstroke.ca\/fr\/wp-json\/wp\/v2\/users\/1"}],"replies":[{"embeddable":true,"href":"https:\/\/canadianstroke.ca\/fr\/wp-json\/wp\/v2\/comments?post=4506"}],"version-history":[{"count":0,"href":"https:\/\/canadianstroke.ca\/fr\/wp-json\/wp\/v2\/pages\/4506\/revisions"}],"wp:attachment":[{"href":"https:\/\/canadianstroke.ca\/fr\/wp-json\/wp\/v2\/media?parent=4506"}],"curies":[{"name":"wp","href":"https:\/\/api.w.org\/{rel}","templated":true}]}}