{"id":1733,"date":"2024-11-18T13:45:44","date_gmt":"2024-11-18T18:45:44","guid":{"rendered":"https:\/\/canadianstroke.ca\/farrell-leibovitchfr\/"},"modified":"2024-11-28T13:33:23","modified_gmt":"2024-11-28T18:33:23","slug":"farrell-leibovitch-fr","status":"publish","type":"page","link":"https:\/\/canadianstroke.ca\/fr\/farrell-leibovitch-fr\/","title":{"rendered":"Farrell Leibovitch"},"content":{"rendered":"\n<figure class=\"wp-block-image size-full is-resized\"><img loading=\"lazy\" decoding=\"async\" width=\"1702\" height=\"2129\" src=\"https:\/\/canadianstroke.ca\/wp-content\/uploads\/2024\/11\/LEIBOVITCH_Farrell_231207_020-scaled-e1722515834709.jpg\" alt=\"\" class=\"wp-image-4403\" style=\"width:200px\" srcset=\"https:\/\/canadianstroke.ca\/wp-content\/uploads\/2024\/11\/LEIBOVITCH_Farrell_231207_020-scaled-e1722515834709.jpg 1702w, https:\/\/canadianstroke.ca\/wp-content\/uploads\/2024\/11\/LEIBOVITCH_Farrell_231207_020-scaled-e1722515834709-240x300.jpg 240w, https:\/\/canadianstroke.ca\/wp-content\/uploads\/2024\/11\/LEIBOVITCH_Farrell_231207_020-scaled-e1722515834709-819x1024.jpg 819w, https:\/\/canadianstroke.ca\/wp-content\/uploads\/2024\/11\/LEIBOVITCH_Farrell_231207_020-scaled-e1722515834709-768x961.jpg 768w, https:\/\/canadianstroke.ca\/wp-content\/uploads\/2024\/11\/LEIBOVITCH_Farrell_231207_020-scaled-e1722515834709-1228x1536.jpg 1228w, https:\/\/canadianstroke.ca\/wp-content\/uploads\/2024\/11\/LEIBOVITCH_Farrell_231207_020-scaled-e1722515834709-1637x2048.jpg 1637w\" sizes=\"auto, (max-width: 1702px) 100vw, 1702px\" \/><figcaption class=\"wp-element-caption\">Brain Sciences, CanStroke Recovery Trials Platform, Centre for Brain Resilience &amp; Recovery, Dr. Sandra Black Centre for Brain Resilience &amp; Recovery, Farrell Leibovitch, Headshot, Neurology, Platform Director, Portrait, Research<\/figcaption><\/figure>\n\n\n\n<p>Farrell Leibovitch est le directeur de la plateforme CanStroke. Avant d\u2019occuper ce poste, il a travaill\u00e9 au Partenariat canadien pour le r\u00e9tablissement de l\u2019AVC (PCRA) de la Fondation Coeur+AVC (FCA) pendant plus de 20 ans, et plus r\u00e9cemment, \u00e0 titre de directeur des programmes de recherche et de formation. M. Leibovitch est titulaire d\u2019un baccalaur\u00e9at en sciences avec une sp\u00e9cialisation en neurosciences et en biologie de l\u2019Universit\u00e9 de Toronto et d\u2019une ma\u00eetrise de l\u2019Institut des Sciences de la Sant\u00e9 de l\u2019Universit\u00e9 de Toronto, o\u00f9 ses recherches ont explor\u00e9 les relations entre le cerveau et le comportement chez les patients ayant subi un AVC et souffrant d&rsquo; h\u00e9min\u00e9gligence spatiale. Avant de se joindre au PCRA, M. Leibovitch a travaill\u00e9 comme coordonnateur d\u2019essais cliniques dans le domaine des accidents vasculaires c\u00e9r\u00e9braux et de la d\u00e9mence.<\/p>\n","protected":false},"excerpt":{"rendered":"<p>Farrell Leibovitch est le directeur de la plateforme CanStroke. Avant d\u2019occuper ce poste, il a travaill\u00e9 au Partenariat canadien pour le r\u00e9tablissement de l\u2019AVC (PCRA) de la Fondation Coeur+AVC (FCA) pendant plus de 20 ans, et plus r\u00e9cemment, \u00e0 titre de directeur des programmes de recherche et de formation. M. Leibovitch est titulaire d\u2019un baccalaur\u00e9at &#8230; <a title=\"Farrell Leibovitch\" class=\"read-more\" href=\"https:\/\/canadianstroke.ca\/fr\/farrell-leibovitch-fr\/\" aria-label=\"En savoir plus sur Farrell Leibovitch\">Lire plus<\/a><\/p>\n","protected":false},"author":2,"featured_media":0,"parent":0,"menu_order":0,"comment_status":"closed","ping_status":"closed","template":"","meta":{"_acf_changed":false,"_monsterinsights_skip_tracking":false,"_monsterinsights_sitenote_active":false,"_monsterinsights_sitenote_note":"","_monsterinsights_sitenote_category":0,"footnotes":""},"class_list":["post-1733","page","type-page","status-publish"],"acf":[],"yoast_head":"<!-- This site is optimized with the Yoast SEO plugin v27.4 - https:\/\/yoast.com\/product\/yoast-seo-wordpress\/ -->\n<title>Farrell Leibovitch - CanStroke Recovery Trials<\/title>\n<meta name=\"robots\" content=\"index, follow, max-snippet:-1, max-image-preview:large, max-video-preview:-1\" \/>\n<link rel=\"canonical\" href=\"https:\/\/canadianstroke.ca\/farrell-leibovitch\/\" \/>\n<meta property=\"og:locale\" content=\"fr_FR\" \/>\n<meta property=\"og:type\" content=\"article\" \/>\n<meta property=\"og:title\" content=\"Farrell Leibovitch - CanStroke Recovery Trials\" \/>\n<meta property=\"og:description\" content=\"Farrell Leibovitch est le directeur de la plateforme CanStroke. Avant d\u2019occuper ce poste, il a travaill\u00e9 au Partenariat canadien pour le r\u00e9tablissement de l\u2019AVC (PCRA) de la Fondation Coeur+AVC (FCA) pendant plus de 20 ans, et plus r\u00e9cemment, \u00e0 titre de directeur des programmes de recherche et de formation. M. Leibovitch est titulaire d\u2019un baccalaur\u00e9at ... Lire plus\" \/>\n<meta property=\"og:url\" content=\"https:\/\/canadianstroke.ca\/farrell-leibovitch\/\" \/>\n<meta property=\"og:site_name\" content=\"CanStroke Recovery Trials\" \/>\n<meta property=\"article:modified_time\" content=\"2024-11-28T18:33:23+00:00\" \/>\n<meta property=\"og:image\" content=\"https:\/\/canadianstroke.ca\/wp-content\/uploads\/2024\/11\/LEIBOVITCH_Farrell_231207_020-scaled-e1722515834709.jpg\" \/>\n<meta name=\"twitter:card\" content=\"summary_large_image\" \/>\n<meta name=\"twitter:site\" content=\"@CanStroke\" \/>\n<meta name=\"twitter:label1\" content=\"Dur\u00e9e de lecture estim\u00e9e\" \/>\n\t<meta name=\"twitter:data1\" content=\"1 minute\" \/>\n<script type=\"application\/ld+json\" class=\"yoast-schema-graph\">{\"@context\":\"https:\\\/\\\/schema.org\",\"@graph\":[{\"@type\":\"WebPage\",\"@id\":\"https:\\\/\\\/canadianstroke.ca\\\/farrell-leibovitch\\\/\",\"url\":\"https:\\\/\\\/canadianstroke.ca\\\/farrell-leibovitch\\\/\",\"name\":\"Farrell Leibovitch - CanStroke Recovery Trials\",\"isPartOf\":{\"@id\":\"https:\\\/\\\/canadianstroke.ca\\\/#website\"},\"primaryImageOfPage\":{\"@id\":\"https:\\\/\\\/canadianstroke.ca\\\/farrell-leibovitch\\\/#primaryimage\"},\"image\":{\"@id\":\"https:\\\/\\\/canadianstroke.ca\\\/farrell-leibovitch\\\/#primaryimage\"},\"thumbnailUrl\":\"https:\\\/\\\/canadianstroke.ca\\\/wp-content\\\/uploads\\\/2024\\\/11\\\/LEIBOVITCH_Farrell_231207_020-scaled-e1722515834709.jpg\",\"datePublished\":\"2024-11-18T18:45:44+00:00\",\"dateModified\":\"2024-11-28T18:33:23+00:00\",\"breadcrumb\":{\"@id\":\"https:\\\/\\\/canadianstroke.ca\\\/farrell-leibovitch\\\/#breadcrumb\"},\"inLanguage\":\"fr-FR\",\"potentialAction\":[{\"@type\":\"ReadAction\",\"target\":[\"https:\\\/\\\/canadianstroke.ca\\\/farrell-leibovitch\\\/\"]}]},{\"@type\":\"ImageObject\",\"inLanguage\":\"fr-FR\",\"@id\":\"https:\\\/\\\/canadianstroke.ca\\\/farrell-leibovitch\\\/#primaryimage\",\"url\":\"https:\\\/\\\/canadianstroke.ca\\\/wp-content\\\/uploads\\\/2024\\\/11\\\/LEIBOVITCH_Farrell_231207_020-scaled-e1722515834709.jpg\",\"contentUrl\":\"https:\\\/\\\/canadianstroke.ca\\\/wp-content\\\/uploads\\\/2024\\\/11\\\/LEIBOVITCH_Farrell_231207_020-scaled-e1722515834709.jpg\"},{\"@type\":\"BreadcrumbList\",\"@id\":\"https:\\\/\\\/canadianstroke.ca\\\/farrell-leibovitch\\\/#breadcrumb\",\"itemListElement\":[{\"@type\":\"ListItem\",\"position\":1,\"name\":\"Home\",\"item\":\"https:\\\/\\\/canadianstroke.ca\\\/fr\\\/\"},{\"@type\":\"ListItem\",\"position\":2,\"name\":\"Farrell Leibovitch\"}]},{\"@type\":\"WebSite\",\"@id\":\"https:\\\/\\\/canadianstroke.ca\\\/#website\",\"url\":\"https:\\\/\\\/canadianstroke.ca\\\/\",\"name\":\"CanStroke Recovery Trials\",\"description\":\"Transforming Lives Through Clinical Trials\",\"publisher\":{\"@id\":\"https:\\\/\\\/canadianstroke.ca\\\/#organization\"},\"potentialAction\":[{\"@type\":\"SearchAction\",\"target\":{\"@type\":\"EntryPoint\",\"urlTemplate\":\"https:\\\/\\\/canadianstroke.ca\\\/?s={search_term_string}\"},\"query-input\":{\"@type\":\"PropertyValueSpecification\",\"valueRequired\":true,\"valueName\":\"search_term_string\"}}],\"inLanguage\":\"fr-FR\"},{\"@type\":\"Organization\",\"@id\":\"https:\\\/\\\/canadianstroke.ca\\\/#organization\",\"name\":\"CanStroke Recovery Trials\",\"url\":\"https:\\\/\\\/canadianstroke.ca\\\/\",\"logo\":{\"@type\":\"ImageObject\",\"inLanguage\":\"fr-FR\",\"@id\":\"https:\\\/\\\/canadianstroke.ca\\\/#\\\/schema\\\/logo\\\/image\\\/\",\"url\":\"https:\\\/\\\/canadianstroke.ca\\\/wp-content\\\/uploads\\\/2024\\\/11\\\/logo.png\",\"contentUrl\":\"https:\\\/\\\/canadianstroke.ca\\\/wp-content\\\/uploads\\\/2024\\\/11\\\/logo.png\",\"width\":365,\"height\":98,\"caption\":\"CanStroke Recovery Trials\"},\"image\":{\"@id\":\"https:\\\/\\\/canadianstroke.ca\\\/#\\\/schema\\\/logo\\\/image\\\/\"},\"sameAs\":[\"https:\\\/\\\/x.com\\\/CanStroke\",\"https:\\\/\\\/www.linkedin.com\\\/company\\\/canstroke-recovery-trials\\\/\",\"https:\\\/\\\/www.instagram.com\\\/canstroke\\\/\",\"https:\\\/\\\/www.youtube.com\\\/user\\\/canadianstroke\"]}]}<\/script>\n<!-- \/ Yoast SEO plugin. -->","yoast_head_json":{"title":"Farrell Leibovitch - CanStroke Recovery Trials","robots":{"index":"index","follow":"follow","max-snippet":"max-snippet:-1","max-image-preview":"max-image-preview:large","max-video-preview":"max-video-preview:-1"},"canonical":"https:\/\/canadianstroke.ca\/farrell-leibovitch\/","og_locale":"fr_FR","og_type":"article","og_title":"Farrell Leibovitch - CanStroke Recovery Trials","og_description":"Farrell Leibovitch est le directeur de la plateforme CanStroke. Avant d\u2019occuper ce poste, il a travaill\u00e9 au Partenariat canadien pour le r\u00e9tablissement de l\u2019AVC (PCRA) de la Fondation Coeur+AVC (FCA) pendant plus de 20 ans, et plus r\u00e9cemment, \u00e0 titre de directeur des programmes de recherche et de formation. M. Leibovitch est titulaire d\u2019un baccalaur\u00e9at ... Lire plus","og_url":"https:\/\/canadianstroke.ca\/farrell-leibovitch\/","og_site_name":"CanStroke Recovery Trials","article_modified_time":"2024-11-28T18:33:23+00:00","og_image":[{"url":"https:\/\/canadianstroke.ca\/wp-content\/uploads\/2024\/11\/LEIBOVITCH_Farrell_231207_020-scaled-e1722515834709.jpg","type":"","width":"","height":""}],"twitter_card":"summary_large_image","twitter_site":"@CanStroke","twitter_misc":{"Dur\u00e9e de lecture estim\u00e9e":"1 minute"},"schema":{"@context":"https:\/\/schema.org","@graph":[{"@type":"WebPage","@id":"https:\/\/canadianstroke.ca\/farrell-leibovitch\/","url":"https:\/\/canadianstroke.ca\/farrell-leibovitch\/","name":"Farrell Leibovitch - CanStroke Recovery Trials","isPartOf":{"@id":"https:\/\/canadianstroke.ca\/#website"},"primaryImageOfPage":{"@id":"https:\/\/canadianstroke.ca\/farrell-leibovitch\/#primaryimage"},"image":{"@id":"https:\/\/canadianstroke.ca\/farrell-leibovitch\/#primaryimage"},"thumbnailUrl":"https:\/\/canadianstroke.ca\/wp-content\/uploads\/2024\/11\/LEIBOVITCH_Farrell_231207_020-scaled-e1722515834709.jpg","datePublished":"2024-11-18T18:45:44+00:00","dateModified":"2024-11-28T18:33:23+00:00","breadcrumb":{"@id":"https:\/\/canadianstroke.ca\/farrell-leibovitch\/#breadcrumb"},"inLanguage":"fr-FR","potentialAction":[{"@type":"ReadAction","target":["https:\/\/canadianstroke.ca\/farrell-leibovitch\/"]}]},{"@type":"ImageObject","inLanguage":"fr-FR","@id":"https:\/\/canadianstroke.ca\/farrell-leibovitch\/#primaryimage","url":"https:\/\/canadianstroke.ca\/wp-content\/uploads\/2024\/11\/LEIBOVITCH_Farrell_231207_020-scaled-e1722515834709.jpg","contentUrl":"https:\/\/canadianstroke.ca\/wp-content\/uploads\/2024\/11\/LEIBOVITCH_Farrell_231207_020-scaled-e1722515834709.jpg"},{"@type":"BreadcrumbList","@id":"https:\/\/canadianstroke.ca\/farrell-leibovitch\/#breadcrumb","itemListElement":[{"@type":"ListItem","position":1,"name":"Home","item":"https:\/\/canadianstroke.ca\/fr\/"},{"@type":"ListItem","position":2,"name":"Farrell Leibovitch"}]},{"@type":"WebSite","@id":"https:\/\/canadianstroke.ca\/#website","url":"https:\/\/canadianstroke.ca\/","name":"CanStroke Recovery Trials","description":"Transforming Lives Through Clinical Trials","publisher":{"@id":"https:\/\/canadianstroke.ca\/#organization"},"potentialAction":[{"@type":"SearchAction","target":{"@type":"EntryPoint","urlTemplate":"https:\/\/canadianstroke.ca\/?s={search_term_string}"},"query-input":{"@type":"PropertyValueSpecification","valueRequired":true,"valueName":"search_term_string"}}],"inLanguage":"fr-FR"},{"@type":"Organization","@id":"https:\/\/canadianstroke.ca\/#organization","name":"CanStroke Recovery Trials","url":"https:\/\/canadianstroke.ca\/","logo":{"@type":"ImageObject","inLanguage":"fr-FR","@id":"https:\/\/canadianstroke.ca\/#\/schema\/logo\/image\/","url":"https:\/\/canadianstroke.ca\/wp-content\/uploads\/2024\/11\/logo.png","contentUrl":"https:\/\/canadianstroke.ca\/wp-content\/uploads\/2024\/11\/logo.png","width":365,"height":98,"caption":"CanStroke Recovery Trials"},"image":{"@id":"https:\/\/canadianstroke.ca\/#\/schema\/logo\/image\/"},"sameAs":["https:\/\/x.com\/CanStroke","https:\/\/www.linkedin.com\/company\/canstroke-recovery-trials\/","https:\/\/www.instagram.com\/canstroke\/","https:\/\/www.youtube.com\/user\/canadianstroke"]}]}},"_links":{"self":[{"href":"https:\/\/canadianstroke.ca\/fr\/wp-json\/wp\/v2\/pages\/1733","targetHints":{"allow":["GET"]}}],"collection":[{"href":"https:\/\/canadianstroke.ca\/fr\/wp-json\/wp\/v2\/pages"}],"about":[{"href":"https:\/\/canadianstroke.ca\/fr\/wp-json\/wp\/v2\/types\/page"}],"author":[{"embeddable":true,"href":"https:\/\/canadianstroke.ca\/fr\/wp-json\/wp\/v2\/users\/2"}],"replies":[{"embeddable":true,"href":"https:\/\/canadianstroke.ca\/fr\/wp-json\/wp\/v2\/comments?post=1733"}],"version-history":[{"count":2,"href":"https:\/\/canadianstroke.ca\/fr\/wp-json\/wp\/v2\/pages\/1733\/revisions"}],"predecessor-version":[{"id":4655,"href":"https:\/\/canadianstroke.ca\/fr\/wp-json\/wp\/v2\/pages\/1733\/revisions\/4655"}],"wp:attachment":[{"href":"https:\/\/canadianstroke.ca\/fr\/wp-json\/wp\/v2\/media?parent=1733"}],"curies":[{"name":"wp","href":"https:\/\/api.w.org\/{rel}","templated":true}]}}