{"id":1731,"date":"2024-11-18T13:44:02","date_gmt":"2024-11-18T18:44:02","guid":{"rendered":"https:\/\/canadianstroke.ca\/dr-mark-bayley\/"},"modified":"2024-11-28T13:41:29","modified_gmt":"2024-11-28T18:41:29","slug":"dr-mark-bayleyfr","status":"publish","type":"page","link":"https:\/\/canadianstroke.ca\/fr\/dr-mark-bayleyfr\/","title":{"rendered":"Dr Mark Bayley"},"content":{"rendered":"\n<figure class=\"wp-block-image size-full is-resized\"><img loading=\"lazy\" decoding=\"async\" width=\"393\" height=\"480\" src=\"https:\/\/canadianstroke.ca\/wp-content\/uploads\/2024\/11\/bayley-e1728324764793.jpg\" alt=\"\" class=\"wp-image-4399\" style=\"width:200px\" srcset=\"https:\/\/canadianstroke.ca\/wp-content\/uploads\/2024\/11\/bayley-e1728324764793.jpg 393w, https:\/\/canadianstroke.ca\/wp-content\/uploads\/2024\/11\/bayley-e1728324764793-246x300.jpg 246w\" sizes=\"auto, (max-width: 393px) 100vw, 393px\" \/><\/figure>\n\n\n\n<p>Dr Mark Bayley, de l&rsquo;Institut de R\u00e9adaptation de Toronto, est le directeur du programme de m\u00e9decine et le physiatre en chef de l&rsquo;Institut de r\u00e9adaptation RUS-Toronto. Il est professeur \u00e0 la division de m\u00e9decine physique et de r\u00e9adaptation de la facult\u00e9 de m\u00e9decine de l\u2019Universit\u00e9 de Toronto. Le Dr Bayley a occup\u00e9 un certain nombre de postes de direction dans le r\u00e9seau de la sant\u00e9 et ses travaux ont contribu\u00e9 \u00e0 la refonte des syst\u00e8mes de r\u00e9adaptation au Canada. Il a dirig\u00e9 de vastes essais contr\u00f4l\u00e9s randomis\u00e9s et a impl\u00e9ment\u00e9 de nouvelles pratiques bas\u00e9es sur les donn\u00e9es probantes dans le r\u00e9seau de la sant\u00e9.<\/p>\n","protected":false},"excerpt":{"rendered":"<p>Dr Mark Bayley, de l&rsquo;Institut de R\u00e9adaptation de Toronto, est le directeur du programme de m\u00e9decine et le physiatre en chef de l&rsquo;Institut de r\u00e9adaptation RUS-Toronto. Il est professeur \u00e0 la division de m\u00e9decine physique et de r\u00e9adaptation de la facult\u00e9 de m\u00e9decine de l\u2019Universit\u00e9 de Toronto. Le Dr Bayley a occup\u00e9 un certain nombre &#8230; <a title=\"Dr Mark Bayley\" class=\"read-more\" href=\"https:\/\/canadianstroke.ca\/fr\/dr-mark-bayleyfr\/\" aria-label=\"En savoir plus sur Dr Mark Bayley\">Lire plus<\/a><\/p>\n","protected":false},"author":2,"featured_media":0,"parent":0,"menu_order":0,"comment_status":"closed","ping_status":"closed","template":"","meta":{"_acf_changed":false,"_monsterinsights_skip_tracking":false,"_monsterinsights_sitenote_active":false,"_monsterinsights_sitenote_note":"","_monsterinsights_sitenote_category":0,"footnotes":""},"class_list":["post-1731","page","type-page","status-publish"],"acf":[],"yoast_head":"<!-- This site is optimized with the Yoast SEO plugin v27.4 - https:\/\/yoast.com\/product\/yoast-seo-wordpress\/ -->\n<title>Dr Mark Bayley - CanStroke Recovery Trials<\/title>\n<meta name=\"robots\" content=\"index, follow, max-snippet:-1, max-image-preview:large, max-video-preview:-1\" \/>\n<link rel=\"canonical\" href=\"https:\/\/canadianstroke.ca\/dr-mark-bayley\/\" \/>\n<meta property=\"og:locale\" content=\"fr_FR\" \/>\n<meta property=\"og:type\" content=\"article\" \/>\n<meta property=\"og:title\" content=\"Dr Mark Bayley - CanStroke Recovery Trials\" \/>\n<meta property=\"og:description\" content=\"Dr Mark Bayley, de l&rsquo;Institut de R\u00e9adaptation de Toronto, est le directeur du programme de m\u00e9decine et le physiatre en chef de l&rsquo;Institut de r\u00e9adaptation RUS-Toronto. Il est professeur \u00e0 la division de m\u00e9decine physique et de r\u00e9adaptation de la facult\u00e9 de m\u00e9decine de l\u2019Universit\u00e9 de Toronto. Le Dr Bayley a occup\u00e9 un certain nombre ... Lire plus\" \/>\n<meta property=\"og:url\" content=\"https:\/\/canadianstroke.ca\/dr-mark-bayley\/\" \/>\n<meta property=\"og:site_name\" content=\"CanStroke Recovery Trials\" \/>\n<meta property=\"article:modified_time\" content=\"2024-11-28T18:41:29+00:00\" \/>\n<meta property=\"og:image\" content=\"https:\/\/canadianstroke.ca\/wp-content\/uploads\/2024\/11\/bayley-e1728324764793.jpg\" \/>\n<meta name=\"twitter:card\" content=\"summary_large_image\" \/>\n<meta name=\"twitter:site\" content=\"@CanStroke\" \/>\n<meta name=\"twitter:label1\" content=\"Dur\u00e9e de lecture estim\u00e9e\" \/>\n\t<meta name=\"twitter:data1\" content=\"1 minute\" \/>\n<script type=\"application\/ld+json\" class=\"yoast-schema-graph\">{\"@context\":\"https:\\\/\\\/schema.org\",\"@graph\":[{\"@type\":\"WebPage\",\"@id\":\"https:\\\/\\\/canadianstroke.ca\\\/dr-mark-bayley\\\/\",\"url\":\"https:\\\/\\\/canadianstroke.ca\\\/dr-mark-bayley\\\/\",\"name\":\"Dr Mark Bayley - CanStroke Recovery Trials\",\"isPartOf\":{\"@id\":\"https:\\\/\\\/canadianstroke.ca\\\/#website\"},\"primaryImageOfPage\":{\"@id\":\"https:\\\/\\\/canadianstroke.ca\\\/dr-mark-bayley\\\/#primaryimage\"},\"image\":{\"@id\":\"https:\\\/\\\/canadianstroke.ca\\\/dr-mark-bayley\\\/#primaryimage\"},\"thumbnailUrl\":\"https:\\\/\\\/canadianstroke.ca\\\/wp-content\\\/uploads\\\/2024\\\/11\\\/bayley-e1728324764793.jpg\",\"datePublished\":\"2024-11-18T18:44:02+00:00\",\"dateModified\":\"2024-11-28T18:41:29+00:00\",\"breadcrumb\":{\"@id\":\"https:\\\/\\\/canadianstroke.ca\\\/dr-mark-bayley\\\/#breadcrumb\"},\"inLanguage\":\"fr-FR\",\"potentialAction\":[{\"@type\":\"ReadAction\",\"target\":[\"https:\\\/\\\/canadianstroke.ca\\\/dr-mark-bayley\\\/\"]}]},{\"@type\":\"ImageObject\",\"inLanguage\":\"fr-FR\",\"@id\":\"https:\\\/\\\/canadianstroke.ca\\\/dr-mark-bayley\\\/#primaryimage\",\"url\":\"https:\\\/\\\/canadianstroke.ca\\\/wp-content\\\/uploads\\\/2024\\\/11\\\/bayley-e1728324764793.jpg\",\"contentUrl\":\"https:\\\/\\\/canadianstroke.ca\\\/wp-content\\\/uploads\\\/2024\\\/11\\\/bayley-e1728324764793.jpg\"},{\"@type\":\"BreadcrumbList\",\"@id\":\"https:\\\/\\\/canadianstroke.ca\\\/dr-mark-bayley\\\/#breadcrumb\",\"itemListElement\":[{\"@type\":\"ListItem\",\"position\":1,\"name\":\"Home\",\"item\":\"https:\\\/\\\/canadianstroke.ca\\\/fr\\\/\"},{\"@type\":\"ListItem\",\"position\":2,\"name\":\"Dr Mark Bayley\"}]},{\"@type\":\"WebSite\",\"@id\":\"https:\\\/\\\/canadianstroke.ca\\\/#website\",\"url\":\"https:\\\/\\\/canadianstroke.ca\\\/\",\"name\":\"CanStroke Recovery Trials\",\"description\":\"Transforming Lives Through Clinical Trials\",\"publisher\":{\"@id\":\"https:\\\/\\\/canadianstroke.ca\\\/#organization\"},\"potentialAction\":[{\"@type\":\"SearchAction\",\"target\":{\"@type\":\"EntryPoint\",\"urlTemplate\":\"https:\\\/\\\/canadianstroke.ca\\\/?s={search_term_string}\"},\"query-input\":{\"@type\":\"PropertyValueSpecification\",\"valueRequired\":true,\"valueName\":\"search_term_string\"}}],\"inLanguage\":\"fr-FR\"},{\"@type\":\"Organization\",\"@id\":\"https:\\\/\\\/canadianstroke.ca\\\/#organization\",\"name\":\"CanStroke Recovery Trials\",\"url\":\"https:\\\/\\\/canadianstroke.ca\\\/\",\"logo\":{\"@type\":\"ImageObject\",\"inLanguage\":\"fr-FR\",\"@id\":\"https:\\\/\\\/canadianstroke.ca\\\/#\\\/schema\\\/logo\\\/image\\\/\",\"url\":\"https:\\\/\\\/canadianstroke.ca\\\/wp-content\\\/uploads\\\/2024\\\/11\\\/logo.png\",\"contentUrl\":\"https:\\\/\\\/canadianstroke.ca\\\/wp-content\\\/uploads\\\/2024\\\/11\\\/logo.png\",\"width\":365,\"height\":98,\"caption\":\"CanStroke Recovery Trials\"},\"image\":{\"@id\":\"https:\\\/\\\/canadianstroke.ca\\\/#\\\/schema\\\/logo\\\/image\\\/\"},\"sameAs\":[\"https:\\\/\\\/x.com\\\/CanStroke\",\"https:\\\/\\\/www.linkedin.com\\\/company\\\/canstroke-recovery-trials\\\/\",\"https:\\\/\\\/www.instagram.com\\\/canstroke\\\/\",\"https:\\\/\\\/www.youtube.com\\\/user\\\/canadianstroke\"]}]}<\/script>\n<!-- \/ Yoast SEO plugin. -->","yoast_head_json":{"title":"Dr Mark Bayley - CanStroke Recovery Trials","robots":{"index":"index","follow":"follow","max-snippet":"max-snippet:-1","max-image-preview":"max-image-preview:large","max-video-preview":"max-video-preview:-1"},"canonical":"https:\/\/canadianstroke.ca\/dr-mark-bayley\/","og_locale":"fr_FR","og_type":"article","og_title":"Dr Mark Bayley - CanStroke Recovery Trials","og_description":"Dr Mark Bayley, de l&rsquo;Institut de R\u00e9adaptation de Toronto, est le directeur du programme de m\u00e9decine et le physiatre en chef de l&rsquo;Institut de r\u00e9adaptation RUS-Toronto. Il est professeur \u00e0 la division de m\u00e9decine physique et de r\u00e9adaptation de la facult\u00e9 de m\u00e9decine de l\u2019Universit\u00e9 de Toronto. Le Dr Bayley a occup\u00e9 un certain nombre ... Lire plus","og_url":"https:\/\/canadianstroke.ca\/dr-mark-bayley\/","og_site_name":"CanStroke Recovery Trials","article_modified_time":"2024-11-28T18:41:29+00:00","og_image":[{"url":"https:\/\/canadianstroke.ca\/wp-content\/uploads\/2024\/11\/bayley-e1728324764793.jpg","type":"","width":"","height":""}],"twitter_card":"summary_large_image","twitter_site":"@CanStroke","twitter_misc":{"Dur\u00e9e de lecture estim\u00e9e":"1 minute"},"schema":{"@context":"https:\/\/schema.org","@graph":[{"@type":"WebPage","@id":"https:\/\/canadianstroke.ca\/dr-mark-bayley\/","url":"https:\/\/canadianstroke.ca\/dr-mark-bayley\/","name":"Dr Mark Bayley - CanStroke Recovery Trials","isPartOf":{"@id":"https:\/\/canadianstroke.ca\/#website"},"primaryImageOfPage":{"@id":"https:\/\/canadianstroke.ca\/dr-mark-bayley\/#primaryimage"},"image":{"@id":"https:\/\/canadianstroke.ca\/dr-mark-bayley\/#primaryimage"},"thumbnailUrl":"https:\/\/canadianstroke.ca\/wp-content\/uploads\/2024\/11\/bayley-e1728324764793.jpg","datePublished":"2024-11-18T18:44:02+00:00","dateModified":"2024-11-28T18:41:29+00:00","breadcrumb":{"@id":"https:\/\/canadianstroke.ca\/dr-mark-bayley\/#breadcrumb"},"inLanguage":"fr-FR","potentialAction":[{"@type":"ReadAction","target":["https:\/\/canadianstroke.ca\/dr-mark-bayley\/"]}]},{"@type":"ImageObject","inLanguage":"fr-FR","@id":"https:\/\/canadianstroke.ca\/dr-mark-bayley\/#primaryimage","url":"https:\/\/canadianstroke.ca\/wp-content\/uploads\/2024\/11\/bayley-e1728324764793.jpg","contentUrl":"https:\/\/canadianstroke.ca\/wp-content\/uploads\/2024\/11\/bayley-e1728324764793.jpg"},{"@type":"BreadcrumbList","@id":"https:\/\/canadianstroke.ca\/dr-mark-bayley\/#breadcrumb","itemListElement":[{"@type":"ListItem","position":1,"name":"Home","item":"https:\/\/canadianstroke.ca\/fr\/"},{"@type":"ListItem","position":2,"name":"Dr Mark Bayley"}]},{"@type":"WebSite","@id":"https:\/\/canadianstroke.ca\/#website","url":"https:\/\/canadianstroke.ca\/","name":"CanStroke Recovery Trials","description":"Transforming Lives Through Clinical Trials","publisher":{"@id":"https:\/\/canadianstroke.ca\/#organization"},"potentialAction":[{"@type":"SearchAction","target":{"@type":"EntryPoint","urlTemplate":"https:\/\/canadianstroke.ca\/?s={search_term_string}"},"query-input":{"@type":"PropertyValueSpecification","valueRequired":true,"valueName":"search_term_string"}}],"inLanguage":"fr-FR"},{"@type":"Organization","@id":"https:\/\/canadianstroke.ca\/#organization","name":"CanStroke Recovery Trials","url":"https:\/\/canadianstroke.ca\/","logo":{"@type":"ImageObject","inLanguage":"fr-FR","@id":"https:\/\/canadianstroke.ca\/#\/schema\/logo\/image\/","url":"https:\/\/canadianstroke.ca\/wp-content\/uploads\/2024\/11\/logo.png","contentUrl":"https:\/\/canadianstroke.ca\/wp-content\/uploads\/2024\/11\/logo.png","width":365,"height":98,"caption":"CanStroke Recovery Trials"},"image":{"@id":"https:\/\/canadianstroke.ca\/#\/schema\/logo\/image\/"},"sameAs":["https:\/\/x.com\/CanStroke","https:\/\/www.linkedin.com\/company\/canstroke-recovery-trials\/","https:\/\/www.instagram.com\/canstroke\/","https:\/\/www.youtube.com\/user\/canadianstroke"]}]}},"_links":{"self":[{"href":"https:\/\/canadianstroke.ca\/fr\/wp-json\/wp\/v2\/pages\/1731","targetHints":{"allow":["GET"]}}],"collection":[{"href":"https:\/\/canadianstroke.ca\/fr\/wp-json\/wp\/v2\/pages"}],"about":[{"href":"https:\/\/canadianstroke.ca\/fr\/wp-json\/wp\/v2\/types\/page"}],"author":[{"embeddable":true,"href":"https:\/\/canadianstroke.ca\/fr\/wp-json\/wp\/v2\/users\/2"}],"replies":[{"embeddable":true,"href":"https:\/\/canadianstroke.ca\/fr\/wp-json\/wp\/v2\/comments?post=1731"}],"version-history":[{"count":2,"href":"https:\/\/canadianstroke.ca\/fr\/wp-json\/wp\/v2\/pages\/1731\/revisions"}],"predecessor-version":[{"id":4660,"href":"https:\/\/canadianstroke.ca\/fr\/wp-json\/wp\/v2\/pages\/1731\/revisions\/4660"}],"wp:attachment":[{"href":"https:\/\/canadianstroke.ca\/fr\/wp-json\/wp\/v2\/media?parent=1731"}],"curies":[{"name":"wp","href":"https:\/\/api.w.org\/{rel}","templated":true}]}}