{"id":1728,"date":"2024-11-18T13:37:26","date_gmt":"2024-11-18T18:37:26","guid":{"rendered":"https:\/\/canadianstroke.ca\/dr-sean-dukelow\/"},"modified":"2024-11-28T13:25:50","modified_gmt":"2024-11-28T18:25:50","slug":"dr-sean-dukelowfr","status":"publish","type":"page","link":"https:\/\/canadianstroke.ca\/fr\/dr-sean-dukelowfr\/","title":{"rendered":"Dr. Sean Dukelow"},"content":{"rendered":"\n<figure class=\"wp-block-image size-full is-resized\"><img loading=\"lazy\" decoding=\"async\" width=\"1297\" height=\"1621\" src=\"https:\/\/canadianstroke.ca\/wp-content\/uploads\/2024\/11\/image002-scaled-e1722515448933.jpg\" alt=\"\" class=\"wp-image-4407\" style=\"width:200px\" srcset=\"https:\/\/canadianstroke.ca\/wp-content\/uploads\/2024\/11\/image002-scaled-e1722515448933.jpg 1297w, https:\/\/canadianstroke.ca\/wp-content\/uploads\/2024\/11\/image002-scaled-e1722515448933-240x300.jpg 240w, https:\/\/canadianstroke.ca\/wp-content\/uploads\/2024\/11\/image002-scaled-e1722515448933-819x1024.jpg 819w, https:\/\/canadianstroke.ca\/wp-content\/uploads\/2024\/11\/image002-scaled-e1722515448933-768x960.jpg 768w, https:\/\/canadianstroke.ca\/wp-content\/uploads\/2024\/11\/image002-scaled-e1722515448933-1229x1536.jpg 1229w\" sizes=\"auto, (max-width: 1297px) 100vw, 1297px\" \/><\/figure>\n\n\n\n<p>Le Dr Sean Dukelow, M.D., Ph.D., est un physiatre, un neuroscientifique, un leader de recherche respect\u00e9, un professeur \u00e0 l&rsquo;Institut Hotchkiss Brain de l\u2019Universit\u00e9 de Calgary, et est le directeur m\u00e9dical pour la r\u00e9cup\u00e9ration post-AVC du Calgary Stroke Program. \u00c0\u00a0titre de chercheur principal et directeur de la plateforme CanStroke, Dr Dukelow pr\u00e9side le Comit\u00e9 directeur de la plateforme et le Comit\u00e9 de direction.<\/p>\n\n\n\n<p>Dans le cadre de CanStroke, le Dr Dukelow dirige un groupe de chercheurs et de cliniciens, experts dans le domaine de la r\u00e9cup\u00e9ration post-AVC, dans les universit\u00e9s, les h\u00f4pitaux et les centres de recherche du Canada. La plateforme CanStroke comprend de grands et de petits centres universitaires et des populations diversifi\u00e9es.<\/p>\n\n\n\n<p>Le Dr Dukelow et l\u2019\u00e9quipe de CanStroke collaborent avec des r\u00e9seaux de recherche et des soci\u00e9t\u00e9s professionnelles du monde entier dans le but de favoriser la coop\u00e9ration mondiale pour faire progresser les pratiques en r\u00e9tablissement apr\u00e8s un AVC.<\/p>\n","protected":false},"excerpt":{"rendered":"<p>Le Dr Sean Dukelow, M.D., Ph.D., est un physiatre, un neuroscientifique, un leader de recherche respect\u00e9, un professeur \u00e0 l&rsquo;Institut Hotchkiss Brain de l\u2019Universit\u00e9 de Calgary, et est le directeur m\u00e9dical pour la r\u00e9cup\u00e9ration post-AVC du Calgary Stroke Program. \u00c0\u00a0titre de chercheur principal et directeur de la plateforme CanStroke, Dr Dukelow pr\u00e9side le Comit\u00e9 directeur &#8230; <a title=\"Dr. Sean Dukelow\" class=\"read-more\" href=\"https:\/\/canadianstroke.ca\/fr\/dr-sean-dukelowfr\/\" aria-label=\"En savoir plus sur Dr. Sean Dukelow\">Lire plus<\/a><\/p>\n","protected":false},"author":2,"featured_media":0,"parent":0,"menu_order":0,"comment_status":"closed","ping_status":"closed","template":"","meta":{"_acf_changed":false,"_monsterinsights_skip_tracking":false,"_monsterinsights_sitenote_active":false,"_monsterinsights_sitenote_note":"","_monsterinsights_sitenote_category":0,"footnotes":""},"class_list":["post-1728","page","type-page","status-publish"],"acf":[],"yoast_head":"<!-- This site is optimized with the Yoast SEO plugin v27.4 - https:\/\/yoast.com\/product\/yoast-seo-wordpress\/ -->\n<title>Dr. Sean Dukelow - CanStroke Recovery Trials<\/title>\n<meta name=\"robots\" content=\"index, follow, max-snippet:-1, max-image-preview:large, max-video-preview:-1\" \/>\n<link rel=\"canonical\" href=\"https:\/\/canadianstroke.ca\/fr\/dr-sean-dukelowfr\/\" \/>\n<meta property=\"og:locale\" content=\"fr_FR\" \/>\n<meta property=\"og:type\" content=\"article\" \/>\n<meta property=\"og:title\" content=\"Dr. Sean Dukelow - CanStroke Recovery Trials\" \/>\n<meta property=\"og:description\" content=\"Le Dr Sean Dukelow, M.D., Ph.D., est un physiatre, un neuroscientifique, un leader de recherche respect\u00e9, un professeur \u00e0 l&rsquo;Institut Hotchkiss Brain de l\u2019Universit\u00e9 de Calgary, et est le directeur m\u00e9dical pour la r\u00e9cup\u00e9ration post-AVC du Calgary Stroke Program. \u00c0\u00a0titre de chercheur principal et directeur de la plateforme CanStroke, Dr Dukelow pr\u00e9side le Comit\u00e9 directeur ... Lire plus\" \/>\n<meta property=\"og:url\" content=\"https:\/\/canadianstroke.ca\/fr\/dr-sean-dukelowfr\/\" \/>\n<meta property=\"og:site_name\" content=\"CanStroke Recovery Trials\" \/>\n<meta property=\"article:modified_time\" content=\"2024-11-28T18:25:50+00:00\" \/>\n<meta property=\"og:image\" content=\"https:\/\/canadianstroke.ca\/wp-content\/uploads\/2024\/11\/image002-scaled-e1722515448933.jpg\" \/>\n<meta name=\"twitter:card\" content=\"summary_large_image\" \/>\n<meta name=\"twitter:site\" content=\"@CanStroke\" \/>\n<meta name=\"twitter:label1\" content=\"Dur\u00e9e de lecture estim\u00e9e\" \/>\n\t<meta name=\"twitter:data1\" content=\"1 minute\" \/>\n<script type=\"application\/ld+json\" class=\"yoast-schema-graph\">{\"@context\":\"https:\\\/\\\/schema.org\",\"@graph\":[{\"@type\":\"WebPage\",\"@id\":\"https:\\\/\\\/canadianstroke.ca\\\/fr\\\/dr-sean-dukelowfr\\\/\",\"url\":\"https:\\\/\\\/canadianstroke.ca\\\/fr\\\/dr-sean-dukelowfr\\\/\",\"name\":\"Dr. Sean Dukelow - CanStroke Recovery Trials\",\"isPartOf\":{\"@id\":\"https:\\\/\\\/canadianstroke.ca\\\/#website\"},\"primaryImageOfPage\":{\"@id\":\"https:\\\/\\\/canadianstroke.ca\\\/fr\\\/dr-sean-dukelowfr\\\/#primaryimage\"},\"image\":{\"@id\":\"https:\\\/\\\/canadianstroke.ca\\\/fr\\\/dr-sean-dukelowfr\\\/#primaryimage\"},\"thumbnailUrl\":\"https:\\\/\\\/canadianstroke.ca\\\/wp-content\\\/uploads\\\/2024\\\/11\\\/image002-scaled-e1722515448933.jpg\",\"datePublished\":\"2024-11-18T18:37:26+00:00\",\"dateModified\":\"2024-11-28T18:25:50+00:00\",\"breadcrumb\":{\"@id\":\"https:\\\/\\\/canadianstroke.ca\\\/fr\\\/dr-sean-dukelowfr\\\/#breadcrumb\"},\"inLanguage\":\"fr-FR\",\"potentialAction\":[{\"@type\":\"ReadAction\",\"target\":[\"https:\\\/\\\/canadianstroke.ca\\\/fr\\\/dr-sean-dukelowfr\\\/\"]}]},{\"@type\":\"ImageObject\",\"inLanguage\":\"fr-FR\",\"@id\":\"https:\\\/\\\/canadianstroke.ca\\\/fr\\\/dr-sean-dukelowfr\\\/#primaryimage\",\"url\":\"https:\\\/\\\/canadianstroke.ca\\\/wp-content\\\/uploads\\\/2024\\\/11\\\/image002-scaled-e1722515448933.jpg\",\"contentUrl\":\"https:\\\/\\\/canadianstroke.ca\\\/wp-content\\\/uploads\\\/2024\\\/11\\\/image002-scaled-e1722515448933.jpg\"},{\"@type\":\"BreadcrumbList\",\"@id\":\"https:\\\/\\\/canadianstroke.ca\\\/fr\\\/dr-sean-dukelowfr\\\/#breadcrumb\",\"itemListElement\":[{\"@type\":\"ListItem\",\"position\":1,\"name\":\"Home\",\"item\":\"https:\\\/\\\/canadianstroke.ca\\\/fr\\\/\"},{\"@type\":\"ListItem\",\"position\":2,\"name\":\"Dr. Sean Dukelow\"}]},{\"@type\":\"WebSite\",\"@id\":\"https:\\\/\\\/canadianstroke.ca\\\/#website\",\"url\":\"https:\\\/\\\/canadianstroke.ca\\\/\",\"name\":\"CanStroke Recovery Trials\",\"description\":\"Transforming Lives Through Clinical Trials\",\"publisher\":{\"@id\":\"https:\\\/\\\/canadianstroke.ca\\\/#organization\"},\"potentialAction\":[{\"@type\":\"SearchAction\",\"target\":{\"@type\":\"EntryPoint\",\"urlTemplate\":\"https:\\\/\\\/canadianstroke.ca\\\/?s={search_term_string}\"},\"query-input\":{\"@type\":\"PropertyValueSpecification\",\"valueRequired\":true,\"valueName\":\"search_term_string\"}}],\"inLanguage\":\"fr-FR\"},{\"@type\":\"Organization\",\"@id\":\"https:\\\/\\\/canadianstroke.ca\\\/#organization\",\"name\":\"CanStroke Recovery Trials\",\"url\":\"https:\\\/\\\/canadianstroke.ca\\\/\",\"logo\":{\"@type\":\"ImageObject\",\"inLanguage\":\"fr-FR\",\"@id\":\"https:\\\/\\\/canadianstroke.ca\\\/#\\\/schema\\\/logo\\\/image\\\/\",\"url\":\"https:\\\/\\\/canadianstroke.ca\\\/wp-content\\\/uploads\\\/2024\\\/11\\\/logo.png\",\"contentUrl\":\"https:\\\/\\\/canadianstroke.ca\\\/wp-content\\\/uploads\\\/2024\\\/11\\\/logo.png\",\"width\":365,\"height\":98,\"caption\":\"CanStroke Recovery Trials\"},\"image\":{\"@id\":\"https:\\\/\\\/canadianstroke.ca\\\/#\\\/schema\\\/logo\\\/image\\\/\"},\"sameAs\":[\"https:\\\/\\\/x.com\\\/CanStroke\",\"https:\\\/\\\/www.linkedin.com\\\/company\\\/canstroke-recovery-trials\\\/\",\"https:\\\/\\\/www.instagram.com\\\/canstroke\\\/\",\"https:\\\/\\\/www.youtube.com\\\/user\\\/canadianstroke\"]}]}<\/script>\n<!-- \/ Yoast SEO plugin. -->","yoast_head_json":{"title":"Dr. Sean Dukelow - CanStroke Recovery Trials","robots":{"index":"index","follow":"follow","max-snippet":"max-snippet:-1","max-image-preview":"max-image-preview:large","max-video-preview":"max-video-preview:-1"},"canonical":"https:\/\/canadianstroke.ca\/fr\/dr-sean-dukelowfr\/","og_locale":"fr_FR","og_type":"article","og_title":"Dr. Sean Dukelow - CanStroke Recovery Trials","og_description":"Le Dr Sean Dukelow, M.D., Ph.D., est un physiatre, un neuroscientifique, un leader de recherche respect\u00e9, un professeur \u00e0 l&rsquo;Institut Hotchkiss Brain de l\u2019Universit\u00e9 de Calgary, et est le directeur m\u00e9dical pour la r\u00e9cup\u00e9ration post-AVC du Calgary Stroke Program. \u00c0\u00a0titre de chercheur principal et directeur de la plateforme CanStroke, Dr Dukelow pr\u00e9side le Comit\u00e9 directeur ... Lire plus","og_url":"https:\/\/canadianstroke.ca\/fr\/dr-sean-dukelowfr\/","og_site_name":"CanStroke Recovery Trials","article_modified_time":"2024-11-28T18:25:50+00:00","og_image":[{"url":"https:\/\/canadianstroke.ca\/wp-content\/uploads\/2024\/11\/image002-scaled-e1722515448933.jpg","type":"","width":"","height":""}],"twitter_card":"summary_large_image","twitter_site":"@CanStroke","twitter_misc":{"Dur\u00e9e de lecture estim\u00e9e":"1 minute"},"schema":{"@context":"https:\/\/schema.org","@graph":[{"@type":"WebPage","@id":"https:\/\/canadianstroke.ca\/fr\/dr-sean-dukelowfr\/","url":"https:\/\/canadianstroke.ca\/fr\/dr-sean-dukelowfr\/","name":"Dr. Sean Dukelow - CanStroke Recovery Trials","isPartOf":{"@id":"https:\/\/canadianstroke.ca\/#website"},"primaryImageOfPage":{"@id":"https:\/\/canadianstroke.ca\/fr\/dr-sean-dukelowfr\/#primaryimage"},"image":{"@id":"https:\/\/canadianstroke.ca\/fr\/dr-sean-dukelowfr\/#primaryimage"},"thumbnailUrl":"https:\/\/canadianstroke.ca\/wp-content\/uploads\/2024\/11\/image002-scaled-e1722515448933.jpg","datePublished":"2024-11-18T18:37:26+00:00","dateModified":"2024-11-28T18:25:50+00:00","breadcrumb":{"@id":"https:\/\/canadianstroke.ca\/fr\/dr-sean-dukelowfr\/#breadcrumb"},"inLanguage":"fr-FR","potentialAction":[{"@type":"ReadAction","target":["https:\/\/canadianstroke.ca\/fr\/dr-sean-dukelowfr\/"]}]},{"@type":"ImageObject","inLanguage":"fr-FR","@id":"https:\/\/canadianstroke.ca\/fr\/dr-sean-dukelowfr\/#primaryimage","url":"https:\/\/canadianstroke.ca\/wp-content\/uploads\/2024\/11\/image002-scaled-e1722515448933.jpg","contentUrl":"https:\/\/canadianstroke.ca\/wp-content\/uploads\/2024\/11\/image002-scaled-e1722515448933.jpg"},{"@type":"BreadcrumbList","@id":"https:\/\/canadianstroke.ca\/fr\/dr-sean-dukelowfr\/#breadcrumb","itemListElement":[{"@type":"ListItem","position":1,"name":"Home","item":"https:\/\/canadianstroke.ca\/fr\/"},{"@type":"ListItem","position":2,"name":"Dr. Sean Dukelow"}]},{"@type":"WebSite","@id":"https:\/\/canadianstroke.ca\/#website","url":"https:\/\/canadianstroke.ca\/","name":"CanStroke Recovery Trials","description":"Transforming Lives Through Clinical Trials","publisher":{"@id":"https:\/\/canadianstroke.ca\/#organization"},"potentialAction":[{"@type":"SearchAction","target":{"@type":"EntryPoint","urlTemplate":"https:\/\/canadianstroke.ca\/?s={search_term_string}"},"query-input":{"@type":"PropertyValueSpecification","valueRequired":true,"valueName":"search_term_string"}}],"inLanguage":"fr-FR"},{"@type":"Organization","@id":"https:\/\/canadianstroke.ca\/#organization","name":"CanStroke Recovery Trials","url":"https:\/\/canadianstroke.ca\/","logo":{"@type":"ImageObject","inLanguage":"fr-FR","@id":"https:\/\/canadianstroke.ca\/#\/schema\/logo\/image\/","url":"https:\/\/canadianstroke.ca\/wp-content\/uploads\/2024\/11\/logo.png","contentUrl":"https:\/\/canadianstroke.ca\/wp-content\/uploads\/2024\/11\/logo.png","width":365,"height":98,"caption":"CanStroke Recovery Trials"},"image":{"@id":"https:\/\/canadianstroke.ca\/#\/schema\/logo\/image\/"},"sameAs":["https:\/\/x.com\/CanStroke","https:\/\/www.linkedin.com\/company\/canstroke-recovery-trials\/","https:\/\/www.instagram.com\/canstroke\/","https:\/\/www.youtube.com\/user\/canadianstroke"]}]}},"_links":{"self":[{"href":"https:\/\/canadianstroke.ca\/fr\/wp-json\/wp\/v2\/pages\/1728","targetHints":{"allow":["GET"]}}],"collection":[{"href":"https:\/\/canadianstroke.ca\/fr\/wp-json\/wp\/v2\/pages"}],"about":[{"href":"https:\/\/canadianstroke.ca\/fr\/wp-json\/wp\/v2\/types\/page"}],"author":[{"embeddable":true,"href":"https:\/\/canadianstroke.ca\/fr\/wp-json\/wp\/v2\/users\/2"}],"replies":[{"embeddable":true,"href":"https:\/\/canadianstroke.ca\/fr\/wp-json\/wp\/v2\/comments?post=1728"}],"version-history":[{"count":2,"href":"https:\/\/canadianstroke.ca\/fr\/wp-json\/wp\/v2\/pages\/1728\/revisions"}],"predecessor-version":[{"id":4653,"href":"https:\/\/canadianstroke.ca\/fr\/wp-json\/wp\/v2\/pages\/1728\/revisions\/4653"}],"wp:attachment":[{"href":"https:\/\/canadianstroke.ca\/fr\/wp-json\/wp\/v2\/media?parent=1728"}],"curies":[{"name":"wp","href":"https:\/\/api.w.org\/{rel}","templated":true}]}}